{"id":6081,"date":"2020-10-01T13:54:16","date_gmt":"2020-10-01T13:54:16","guid":{"rendered":"http:\/\/www.zeynagroup.com\/?page_id=6081"},"modified":"2020-10-01T13:58:08","modified_gmt":"2020-10-01T13:58:08","slug":"firinlanmis-pita-ekmek-cips","status":"publish","type":"page","link":"https:\/\/zeynaunlumamuller.com\/tr\/firinlanmis-pita-ekmek-cips\/","title":{"rendered":"FIRINLANMI\u015e P\u0130TA EKMEK C\u0130PS"},"content":{"rendered":"\t\t<div data-elementor-type=\"wp-page\" data-elementor-id=\"6081\" class=\"elementor elementor-6081\">\n\t\t\t\t\t\t<section class=\"elementor-section elementor-top-section elementor-element elementor-element-f47df3b elementor-section-boxed elementor-section-height-default elementor-section-height-default\" data-id=\"f47df3b\" data-element_type=\"section\" data-e-type=\"section\">\n\t\t\t\t\t\t<div class=\"elementor-container elementor-column-gap-default\">\n\t\t\t\t\t<div class=\"elementor-column elementor-col-100 elementor-top-column elementor-element elementor-element-4c20a8b\" data-id=\"4c20a8b\" data-element_type=\"column\" data-e-type=\"column\">\n\t\t\t<div class=\"elementor-widget-wrap elementor-element-populated\">\n\t\t\t\t\t\t<div class=\"elementor-element elementor-element-08a13a8 elementor-widget elementor-widget-text-editor\" data-id=\"08a13a8\" data-element_type=\"widget\" data-e-type=\"widget\" data-widget_type=\"text-editor.default\">\n\t\t\t\t<div class=\"elementor-widget-container\">\n\t\t\t\t\t\t\t\t\t<h4>Pita Ekmek , binlerce y\u0131ld\u0131r de\u011fi\u015fik toplumlar\u0131n nesilden nesile aktard\u0131\u011f\u0131 e\u015fsiz lezzeti, sa\u011fl\u0131kl\u0131 i\u00e7eri\u011fi ve kolay sindirim \u00f6zelli\u011fi sayesinde g\u00fcn\u00fcm\u00fcz insanlar\u0131n\u0131n vazge\u00e7emedi\u011fi bir al\u0131\u015fkanl\u0131k haline gelmi\u015ftir. <br \/>Sizin i\u00e7in ya\u011fs\u0131z pi\u015firilmi\u015f, herkesin damak tad\u0131na uygun, farkl\u0131 tatlardan \u00fcretilmi\u015f \u00e7\u0131t\u0131r bir pita cipsidir. Sa\u011fl\u0131kl\u0131 ve do\u011fal pita cipsi sizin i\u00e7in f\u0131r\u0131nlanarak hijyen kurallar\u0131na uygun \u015fekilde \u00fcretilmi\u015ftir.<br \/>Pita cipsi t\u00fcm \u00f6\u011f\u00fcnlerinizde sofralar\u0131n\u0131z\u0131n vazge\u00e7ilmezidir. <\/h4>\t\t\t\t\t\t\t\t<\/div>\n\t\t\t\t<\/div>\n\t\t\t\t\t<\/div>\n\t\t<\/div>\n\t\t\t\t\t<\/div>\n\t\t<\/section>\n\t\t\t\t<section class=\"elementor-section elementor-top-section elementor-element elementor-element-9a14b3d elementor-section-full_width elementor-section-height-default elementor-section-height-default\" data-id=\"9a14b3d\" data-element_type=\"section\" data-e-type=\"section\">\n\t\t\t\t\t\t<div class=\"elementor-container elementor-column-gap-default\">\n\t\t\t\t\t<div class=\"elementor-column elementor-col-50 elementor-top-column elementor-element elementor-element-5bb9926\" data-id=\"5bb9926\" data-element_type=\"column\" data-e-type=\"column\">\n\t\t\t<div class=\"elementor-widget-wrap elementor-element-populated\">\n\t\t\t\t\t\t<div class=\"elementor-element elementor-element-0223cf8 elementor-widget elementor-widget-heading\" data-id=\"0223cf8\" data-element_type=\"widget\" data-e-type=\"widget\" data-widget_type=\"heading.default\">\n\t\t\t\t<div class=\"elementor-widget-container\">\n\t\t\t\t\t<h2 class=\"elementor-heading-title elementor-size-large\">FIRINLANMI\u015e P\u0130TA EKMEK C\u0130PS\n(KARI\u015eIK SEBZEL\u0130)\n<\/h2>\t\t\t\t<\/div>\n\t\t\t\t<\/div>\n\t\t\t\t<div class=\"elementor-element elementor-element-9d50eb8 elementor-widget elementor-widget-text-editor\" data-id=\"9d50eb8\" data-element_type=\"widget\" data-e-type=\"widget\" data-widget_type=\"text-editor.default\">\n\t\t\t\t<div class=\"elementor-widget-container\">\n\t\t\t\t\t\t\t\t\t<h4>Kar\u0131\u015f\u0131k sebzeler ve gevrek pita cipsi ile harika lezzetin tad\u0131n\u0131 \u00e7\u0131kar\u0131n.<br \/>\u00d6l\u00e7\u00fc birimi: PO\u015eET <br \/>A\u011f\u0131rl\u0131\u011f\u0131 : 110 G <br \/>Ambalaj : Barkodlu g\u0131daya uygun bir po\u015fet i\u00e7inde paketlenmi\u015ftir.<\/h4>\t\t\t\t\t\t\t\t<\/div>\n\t\t\t\t<\/div>\n\t\t\t\t\t<\/div>\n\t\t<\/div>\n\t\t\t\t<div class=\"elementor-column elementor-col-50 elementor-top-column elementor-element elementor-element-cec586a\" data-id=\"cec586a\" data-element_type=\"column\" data-e-type=\"column\">\n\t\t\t<div class=\"elementor-widget-wrap elementor-element-populated\">\n\t\t\t\t\t\t<div class=\"elementor-element elementor-element-e057376 elementor-invisible elementor-widget elementor-widget-image\" data-id=\"e057376\" data-element_type=\"widget\" data-e-type=\"widget\" data-settings=\"{&quot;_animation&quot;:&quot;zoomIn&quot;}\" data-widget_type=\"image.default\">\n\t\t\t\t<div class=\"elementor-widget-container\">\n\t\t\t\t\t\t\t\t\t\t\t\t\t\t\t<img fetchpriority=\"high\" decoding=\"async\" width=\"388\" height=\"603\" src=\"https:\/\/zeynaunlumamuller.com\/wp-content\/uploads\/2020\/08\/WhatsApp-Image-2020-08-17-at-10.06.44-AM-1.jpeg\" class=\"attachment-large size-large wp-image-4367\" alt=\"\" srcset=\"https:\/\/zeynaunlumamuller.com\/wp-content\/uploads\/2020\/08\/WhatsApp-Image-2020-08-17-at-10.06.44-AM-1.jpeg 388w, https:\/\/zeynaunlumamuller.com\/wp-content\/uploads\/2020\/08\/WhatsApp-Image-2020-08-17-at-10.06.44-AM-1-193x300.jpeg 193w\" sizes=\"(max-width: 388px) 100vw, 388px\" \/>\t\t\t\t\t\t\t\t\t\t\t\t\t\t\t<\/div>\n\t\t\t\t<\/div>\n\t\t\t\t\t<\/div>\n\t\t<\/div>\n\t\t\t\t\t<\/div>\n\t\t<\/section>\n\t\t\t\t<section class=\"elementor-section elementor-top-section elementor-element elementor-element-50abd40 elementor-section-full_width elementor-section-height-default elementor-section-height-default\" data-id=\"50abd40\" data-element_type=\"section\" data-e-type=\"section\">\n\t\t\t\t\t\t<div class=\"elementor-container elementor-column-gap-default\">\n\t\t\t\t\t<div class=\"elementor-column elementor-col-50 elementor-top-column elementor-element elementor-element-b9a226c\" data-id=\"b9a226c\" data-element_type=\"column\" data-e-type=\"column\">\n\t\t\t<div class=\"elementor-widget-wrap elementor-element-populated\">\n\t\t\t\t\t\t<div class=\"elementor-element elementor-element-0fdb99c elementor-widget elementor-widget-heading\" data-id=\"0fdb99c\" data-element_type=\"widget\" data-e-type=\"widget\" data-widget_type=\"heading.default\">\n\t\t\t\t<div class=\"elementor-widget-container\">\n\t\t\t\t\t<h2 class=\"elementor-heading-title elementor-size-large\">\n FIRINLANMI\u015e P\u0130TA EKMEK C\u0130PS\n(TAR\u00c7IN AROMALI)\n<\/h2>\t\t\t\t<\/div>\n\t\t\t\t<\/div>\n\t\t\t\t<div class=\"elementor-element elementor-element-bb0bae1 elementor-widget elementor-widget-text-editor\" data-id=\"bb0bae1\" data-element_type=\"widget\" data-e-type=\"widget\" data-widget_type=\"text-editor.default\">\n\t\t\t\t<div class=\"elementor-widget-container\">\n\t\t\t\t\t\t\t\t\t<h4>M\u00fckemmel bir lezzet sunmak i\u00e7in tatl\u0131 tar\u00e7\u0131nla tatland\u0131r\u0131lm\u0131\u015f sa\u011fl\u0131kl\u0131 pita cipsi sizin i\u00e7in haz\u0131rland\u0131. <br \/>\u00d6l\u00e7\u00fc birimi: PO\u015eET <br \/>A\u011f\u0131rl\u0131\u011f\u0131 : 110 G <br \/>Ambalaj : Barkodlu g\u0131daya uygun bir po\u015fet i\u00e7inde paketlenmi\u015ftir.<\/h4>\t\t\t\t\t\t\t\t<\/div>\n\t\t\t\t<\/div>\n\t\t\t\t\t<\/div>\n\t\t<\/div>\n\t\t\t\t<div class=\"elementor-column elementor-col-50 elementor-top-column elementor-element elementor-element-6d6269b\" data-id=\"6d6269b\" data-element_type=\"column\" data-e-type=\"column\">\n\t\t\t<div class=\"elementor-widget-wrap elementor-element-populated\">\n\t\t\t\t\t\t<div class=\"elementor-element elementor-element-cc750e3 elementor-invisible elementor-widget elementor-widget-image\" data-id=\"cc750e3\" data-element_type=\"widget\" data-e-type=\"widget\" data-settings=\"{&quot;_animation&quot;:&quot;zoomIn&quot;}\" data-widget_type=\"image.default\">\n\t\t\t\t<div class=\"elementor-widget-container\">\n\t\t\t\t\t\t\t\t\t\t\t\t\t\t\t<img decoding=\"async\" width=\"441\" height=\"579\" src=\"https:\/\/zeynaunlumamuller.com\/wp-content\/uploads\/2020\/08\/WhatsApp-Image-2020-08-17-at-10.06.44-AM-2.jpeg\" class=\"attachment-large size-large wp-image-4364\" alt=\"\" srcset=\"https:\/\/zeynaunlumamuller.com\/wp-content\/uploads\/2020\/08\/WhatsApp-Image-2020-08-17-at-10.06.44-AM-2.jpeg 441w, https:\/\/zeynaunlumamuller.com\/wp-content\/uploads\/2020\/08\/WhatsApp-Image-2020-08-17-at-10.06.44-AM-2-228x300.jpeg 228w\" sizes=\"(max-width: 441px) 100vw, 441px\" \/>\t\t\t\t\t\t\t\t\t\t\t\t\t\t\t<\/div>\n\t\t\t\t<\/div>\n\t\t\t\t\t<\/div>\n\t\t<\/div>\n\t\t\t\t\t<\/div>\n\t\t<\/section>\n\t\t\t\t<section class=\"elementor-section elementor-top-section elementor-element elementor-element-e794ad9 elementor-section-full_width elementor-section-height-default elementor-section-height-default\" data-id=\"e794ad9\" data-element_type=\"section\" data-e-type=\"section\">\n\t\t\t\t\t\t<div class=\"elementor-container elementor-column-gap-default\">\n\t\t\t\t\t<div class=\"elementor-column elementor-col-50 elementor-top-column elementor-element elementor-element-dfddce6\" data-id=\"dfddce6\" data-element_type=\"column\" data-e-type=\"column\">\n\t\t\t<div class=\"elementor-widget-wrap elementor-element-populated\">\n\t\t\t\t\t\t<div class=\"elementor-element elementor-element-ea785da elementor-widget elementor-widget-heading\" data-id=\"ea785da\" data-element_type=\"widget\" data-e-type=\"widget\" data-widget_type=\"heading.default\">\n\t\t\t\t<div class=\"elementor-widget-container\">\n\t\t\t\t\t<h2 class=\"elementor-heading-title elementor-size-large\">\nFIRINLANMI\u015e P\u0130TA EKMEK C\u0130PS\n(ACI  BAHARATLI)\n<\/h2>\t\t\t\t<\/div>\n\t\t\t\t<\/div>\n\t\t\t\t<div class=\"elementor-element elementor-element-045dfe6 elementor-widget elementor-widget-text-editor\" data-id=\"045dfe6\" data-element_type=\"widget\" data-e-type=\"widget\" data-widget_type=\"text-editor.default\">\n\t\t\t\t<div class=\"elementor-widget-container\">\n\t\t\t\t\t\t\t\t\t<h4>Lezzetli bir baharat kar\u0131\u015f\u0131m\u0131 i\u00e7in \u00f6zel olarak se\u00e7ilmi\u015f ac\u0131 baharatlar\u0131n tad\u0131n\u0131 \u00e7\u0131kar\u0131n.<br \/>\u00d6l\u00e7\u00fc birimi: PO\u015eET <br \/>A\u011f\u0131rl\u0131\u011f\u0131 : 110 G <br \/>Ambalaj : Barkodlu g\u0131daya uygun bir po\u015fet i\u00e7inde paketlenmi\u015ftir.<\/h4>\t\t\t\t\t\t\t\t<\/div>\n\t\t\t\t<\/div>\n\t\t\t\t\t<\/div>\n\t\t<\/div>\n\t\t\t\t<div class=\"elementor-column elementor-col-50 elementor-top-column elementor-element elementor-element-69f48b0\" data-id=\"69f48b0\" data-element_type=\"column\" data-e-type=\"column\">\n\t\t\t<div class=\"elementor-widget-wrap elementor-element-populated\">\n\t\t\t\t\t\t<div class=\"elementor-element elementor-element-1586d2f animated-slow elementor-invisible elementor-widget elementor-widget-image\" data-id=\"1586d2f\" data-element_type=\"widget\" data-e-type=\"widget\" data-settings=\"{&quot;_animation&quot;:&quot;zoomIn&quot;}\" data-widget_type=\"image.default\">\n\t\t\t\t<div class=\"elementor-widget-container\">\n\t\t\t\t\t\t\t\t\t\t\t\t\t\t\t<img decoding=\"async\" width=\"388\" height=\"608\" src=\"https:\/\/zeynaunlumamuller.com\/wp-content\/uploads\/2020\/08\/WhatsApp-Image-2020-08-17-at-10.06.44-AM-3.jpeg\" class=\"attachment-large size-large wp-image-4361\" alt=\"\" srcset=\"https:\/\/zeynaunlumamuller.com\/wp-content\/uploads\/2020\/08\/WhatsApp-Image-2020-08-17-at-10.06.44-AM-3.jpeg 388w, https:\/\/zeynaunlumamuller.com\/wp-content\/uploads\/2020\/08\/WhatsApp-Image-2020-08-17-at-10.06.44-AM-3-191x300.jpeg 191w\" sizes=\"(max-width: 388px) 100vw, 388px\" \/>\t\t\t\t\t\t\t\t\t\t\t\t\t\t\t<\/div>\n\t\t\t\t<\/div>\n\t\t\t\t\t<\/div>\n\t\t<\/div>\n\t\t\t\t\t<\/div>\n\t\t<\/section>\n\t\t\t\t<section class=\"elementor-section elementor-top-section elementor-element elementor-element-ead6e09 elementor-section-full_width elementor-section-height-default elementor-section-height-default\" data-id=\"ead6e09\" data-element_type=\"section\" data-e-type=\"section\">\n\t\t\t\t\t\t<div class=\"elementor-container elementor-column-gap-default\">\n\t\t\t\t\t<div class=\"elementor-column elementor-col-50 elementor-top-column elementor-element elementor-element-ce8c6e4\" data-id=\"ce8c6e4\" data-element_type=\"column\" data-e-type=\"column\">\n\t\t\t<div class=\"elementor-widget-wrap elementor-element-populated\">\n\t\t\t\t\t\t<div class=\"elementor-element elementor-element-e729be7 elementor-widget elementor-widget-heading\" data-id=\"e729be7\" data-element_type=\"widget\" data-e-type=\"widget\" data-widget_type=\"heading.default\">\n\t\t\t\t<div class=\"elementor-widget-container\">\n\t\t\t\t\t<h2 class=\"elementor-heading-title elementor-size-large\">FIRINLANMI\u015e P\u0130TA EKMEK C\u0130PS\n(PERMASAN VE KEK\u0130KL\u0130)\n<\/h2>\t\t\t\t<\/div>\n\t\t\t\t<\/div>\n\t\t\t\t<div class=\"elementor-element elementor-element-3233163 elementor-widget elementor-widget-text-editor\" data-id=\"3233163\" data-element_type=\"widget\" data-e-type=\"widget\" data-widget_type=\"text-editor.default\">\n\t\t\t\t<div class=\"elementor-widget-container\">\n\t\t\t\t\t\t\t\t\t<h4>Parmesan ve kekik kar\u0131\u015f\u0131m\u0131, bu pita cipslere e\u015fsiz bir tat verir.<\/h4><h4>\u00d6l\u00e7\u00fc birimi: PO\u015eET <br \/>A\u011f\u0131rl\u0131\u011f\u0131 : 110 G <br \/>Ambalaj : Barkodlu g\u0131daya uygun bir po\u015fet i\u00e7inde paketlenmi\u015ftir.<\/h4>\t\t\t\t\t\t\t\t<\/div>\n\t\t\t\t<\/div>\n\t\t\t\t\t<\/div>\n\t\t<\/div>\n\t\t\t\t<div class=\"elementor-column elementor-col-50 elementor-top-column elementor-element elementor-element-8bf2b2b\" data-id=\"8bf2b2b\" data-element_type=\"column\" data-e-type=\"column\">\n\t\t\t<div class=\"elementor-widget-wrap elementor-element-populated\">\n\t\t\t\t\t\t<div class=\"elementor-element elementor-element-e302deb elementor-invisible elementor-widget elementor-widget-image\" data-id=\"e302deb\" data-element_type=\"widget\" data-e-type=\"widget\" data-settings=\"{&quot;_animation&quot;:&quot;zoomIn&quot;}\" data-widget_type=\"image.default\">\n\t\t\t\t<div class=\"elementor-widget-container\">\n\t\t\t\t\t\t\t\t\t\t\t\t\t\t\t<img loading=\"lazy\" decoding=\"async\" width=\"392\" height=\"593\" src=\"https:\/\/zeynaunlumamuller.com\/wp-content\/uploads\/2020\/08\/WhatsApp-Image-2020-08-17-at-10.06.44-AM-4.jpeg\" class=\"attachment-large size-large wp-image-4358\" alt=\"\" srcset=\"https:\/\/zeynaunlumamuller.com\/wp-content\/uploads\/2020\/08\/WhatsApp-Image-2020-08-17-at-10.06.44-AM-4.jpeg 392w, https:\/\/zeynaunlumamuller.com\/wp-content\/uploads\/2020\/08\/WhatsApp-Image-2020-08-17-at-10.06.44-AM-4-198x300.jpeg 198w\" sizes=\"(max-width: 392px) 100vw, 392px\" \/>\t\t\t\t\t\t\t\t\t\t\t\t\t\t\t<\/div>\n\t\t\t\t<\/div>\n\t\t\t\t\t<\/div>\n\t\t<\/div>\n\t\t\t\t\t<\/div>\n\t\t<\/section>\n\t\t\t\t<section class=\"elementor-section elementor-top-section elementor-element elementor-element-310b1b2 elementor-section-full_width elementor-section-height-default elementor-section-height-default\" data-id=\"310b1b2\" data-element_type=\"section\" data-e-type=\"section\">\n\t\t\t\t\t\t<div class=\"elementor-container elementor-column-gap-default\">\n\t\t\t\t\t<div class=\"elementor-column elementor-col-50 elementor-top-column elementor-element elementor-element-d8d1505\" data-id=\"d8d1505\" data-element_type=\"column\" data-e-type=\"column\">\n\t\t\t<div class=\"elementor-widget-wrap elementor-element-populated\">\n\t\t\t\t\t\t<div class=\"elementor-element elementor-element-4b028d4 elementor-widget elementor-widget-heading\" data-id=\"4b028d4\" data-element_type=\"widget\" data-e-type=\"widget\" data-widget_type=\"heading.default\">\n\t\t\t\t<div class=\"elementor-widget-container\">\n\t\t\t\t\t<h2 class=\"elementor-heading-title elementor-size-large\">FIRINLANMI\u015e P\u0130TA EKMEK C\u0130PS\n(TAHILLI)\n<\/h2>\t\t\t\t<\/div>\n\t\t\t\t<\/div>\n\t\t\t\t<div class=\"elementor-element elementor-element-417be7a elementor-widget elementor-widget-text-editor\" data-id=\"417be7a\" data-element_type=\"widget\" data-e-type=\"widget\" data-widget_type=\"text-editor.default\">\n\t\t\t\t<div class=\"elementor-widget-container\">\n\t\t\t\t\t\t\t\t\t<h4>Sa\u011fl\u0131kl\u0131 ve faydal\u0131 tah\u0131llar\u0131n kar\u0131\u015f\u0131m\u0131 ile lezetli, f\u0131r\u0131nlanm\u0131\u015f bir pita cipsi haz\u0131rlanm\u0131\u015ft\u0131r. <br \/>\u00d6l\u00e7\u00fc birimi: PO\u015eET <br \/>A\u011f\u0131rl\u0131\u011f\u0131 : 110 G <br \/>Ambalaj : Barkodlu g\u0131daya uygun bir po\u015fet i\u00e7inde paketlenmi\u015ftir.<\/h4>\t\t\t\t\t\t\t\t<\/div>\n\t\t\t\t<\/div>\n\t\t\t\t\t<\/div>\n\t\t<\/div>\n\t\t\t\t<div class=\"elementor-column elementor-col-50 elementor-top-column elementor-element elementor-element-c68d619\" data-id=\"c68d619\" data-element_type=\"column\" data-e-type=\"column\">\n\t\t\t<div class=\"elementor-widget-wrap elementor-element-populated\">\n\t\t\t\t\t\t<div class=\"elementor-element elementor-element-25cd294 elementor-invisible elementor-widget elementor-widget-image\" data-id=\"25cd294\" data-element_type=\"widget\" data-e-type=\"widget\" data-settings=\"{&quot;_animation&quot;:&quot;zoomIn&quot;}\" data-widget_type=\"image.default\">\n\t\t\t\t<div class=\"elementor-widget-container\">\n\t\t\t\t\t\t\t\t\t\t\t\t\t\t\t<img loading=\"lazy\" decoding=\"async\" width=\"383\" height=\"577\" src=\"https:\/\/zeynaunlumamuller.com\/wp-content\/uploads\/2020\/08\/WhatsApp-Image-2020-08-17-at-10.06.45-AM.jpeg\" class=\"attachment-large size-large wp-image-4355\" alt=\"\" srcset=\"https:\/\/zeynaunlumamuller.com\/wp-content\/uploads\/2020\/08\/WhatsApp-Image-2020-08-17-at-10.06.45-AM.jpeg 383w, https:\/\/zeynaunlumamuller.com\/wp-content\/uploads\/2020\/08\/WhatsApp-Image-2020-08-17-at-10.06.45-AM-199x300.jpeg 199w\" sizes=\"(max-width: 383px) 100vw, 383px\" \/>\t\t\t\t\t\t\t\t\t\t\t\t\t\t\t<\/div>\n\t\t\t\t<\/div>\n\t\t\t\t\t<\/div>\n\t\t<\/div>\n\t\t\t\t\t<\/div>\n\t\t<\/section>\n\t\t\t\t<section class=\"elementor-section elementor-top-section elementor-element elementor-element-b87cae0 elementor-section-boxed elementor-section-height-default elementor-section-height-default\" data-id=\"b87cae0\" data-element_type=\"section\" data-e-type=\"section\">\n\t\t\t\t\t\t<div class=\"elementor-container elementor-column-gap-default\">\n\t\t\t\t\t<div class=\"elementor-column elementor-col-100 elementor-top-column elementor-element elementor-element-8bf7836\" data-id=\"8bf7836\" data-element_type=\"column\" data-e-type=\"column\">\n\t\t\t<div class=\"elementor-widget-wrap elementor-element-populated\">\n\t\t\t\t\t\t<div class=\"elementor-element elementor-element-703a0e8 animated-slow elementor-invisible elementor-widget elementor-widget-image\" data-id=\"703a0e8\" data-element_type=\"widget\" data-e-type=\"widget\" data-settings=\"{&quot;_animation&quot;:&quot;zoomInUp&quot;}\" data-widget_type=\"image.default\">\n\t\t\t\t<div class=\"elementor-widget-container\">\n\t\t\t\t\t\t\t\t\t\t\t\t\t\t\t<img loading=\"lazy\" decoding=\"async\" width=\"1024\" height=\"724\" src=\"https:\/\/zeynaunlumamuller.com\/wp-content\/uploads\/2020\/08\/WhatsApp-Image-2020-08-17-at-10.06.42-AM-2-1024x724.jpeg\" class=\"attachment-large size-large wp-image-4560\" alt=\"\" srcset=\"https:\/\/zeynaunlumamuller.com\/wp-content\/uploads\/2020\/08\/WhatsApp-Image-2020-08-17-at-10.06.42-AM-2-1024x724.jpeg 1024w, https:\/\/zeynaunlumamuller.com\/wp-content\/uploads\/2020\/08\/WhatsApp-Image-2020-08-17-at-10.06.42-AM-2-300x212.jpeg 300w, https:\/\/zeynaunlumamuller.com\/wp-content\/uploads\/2020\/08\/WhatsApp-Image-2020-08-17-at-10.06.42-AM-2-768x543.jpeg 768w, https:\/\/zeynaunlumamuller.com\/wp-content\/uploads\/2020\/08\/WhatsApp-Image-2020-08-17-at-10.06.42-AM-2-1536x1086.jpeg 1536w, https:\/\/zeynaunlumamuller.com\/wp-content\/uploads\/2020\/08\/WhatsApp-Image-2020-08-17-at-10.06.42-AM-2.jpeg 1600w\" sizes=\"(max-width: 1024px) 100vw, 1024px\" \/>\t\t\t\t\t\t\t\t\t\t\t\t\t\t\t<\/div>\n\t\t\t\t<\/div>\n\t\t\t\t\t<\/div>\n\t\t<\/div>\n\t\t\t\t\t<\/div>\n\t\t<\/section>\n\t\t\t\t<\/div>\n\t\t","protected":false},"excerpt":{"rendered":"<p>Pita Ekmek , binlerce y\u0131ld\u0131r de\u011fi\u015fik toplumlar\u0131n nesilden nesile aktard\u0131\u011f\u0131 e\u015fsiz lezzeti, sa\u011fl\u0131kl\u0131 i\u00e7eri\u011fi ve kolay sindirim \u00f6zelli\u011fi sayesinde g\u00fcn\u00fcm\u00fcz insanlar\u0131n\u0131n vazge\u00e7emedi\u011fi bir al\u0131\u015fkanl\u0131k haline gelmi\u015ftir. Sizin i\u00e7in ya\u011fs\u0131z pi\u015firilmi\u015f, herkesin damak tad\u0131na uygun, farkl\u0131 tatlardan \u00fcretilmi\u015f \u00e7\u0131t\u0131r bir pita cipsidir. Sa\u011fl\u0131kl\u0131 ve do\u011fal pita cipsi sizin i\u00e7in f\u0131r\u0131nlanarak hijyen kurallar\u0131na uygun \u015fekilde \u00fcretilmi\u015ftir.Pita cipsi [&hellip;]<\/p>\n","protected":false},"author":2,"featured_media":0,"parent":0,"menu_order":0,"comment_status":"closed","ping_status":"closed","template":"","meta":{"footnotes":""},"class_list":["post-6081","page","type-page","status-publish","hentry"],"_links":{"self":[{"href":"https:\/\/zeynaunlumamuller.com\/tr\/wp-json\/wp\/v2\/pages\/6081","targetHints":{"allow":["GET"]}}],"collection":[{"href":"https:\/\/zeynaunlumamuller.com\/tr\/wp-json\/wp\/v2\/pages"}],"about":[{"href":"https:\/\/zeynaunlumamuller.com\/tr\/wp-json\/wp\/v2\/types\/page"}],"author":[{"embeddable":true,"href":"https:\/\/zeynaunlumamuller.com\/tr\/wp-json\/wp\/v2\/users\/2"}],"replies":[{"embeddable":true,"href":"https:\/\/zeynaunlumamuller.com\/tr\/wp-json\/wp\/v2\/comments?post=6081"}],"version-history":[{"count":0,"href":"https:\/\/zeynaunlumamuller.com\/tr\/wp-json\/wp\/v2\/pages\/6081\/revisions"}],"wp:attachment":[{"href":"https:\/\/zeynaunlumamuller.com\/tr\/wp-json\/wp\/v2\/media?parent=6081"}],"curies":[{"name":"wp","href":"https:\/\/api.w.org\/{rel}","templated":true}]}}