{"id":6075,"date":"2020-10-01T13:47:10","date_gmt":"2020-10-01T13:47:10","guid":{"rendered":"http:\/\/www.zeynagroup.com\/?page_id=6075"},"modified":"2020-10-03T11:55:32","modified_gmt":"2020-10-03T11:55:32","slug":"firinlanmis-fransiz-ekmek-cips","status":"publish","type":"page","link":"https:\/\/zeynaunlumamuller.com\/tr\/firinlanmis-fransiz-ekmek-cips\/","title":{"rendered":"FIRINLANMI\u015e FRANSIZ EKMEK C\u0130PS"},"content":{"rendered":"\t\t<div data-elementor-type=\"wp-page\" data-elementor-id=\"6075\" class=\"elementor elementor-6075\">\n\t\t\t\t\t\t<section class=\"elementor-section elementor-top-section elementor-element elementor-element-4222897 elementor-section-boxed elementor-section-height-default elementor-section-height-default\" data-id=\"4222897\" data-element_type=\"section\" data-e-type=\"section\">\n\t\t\t\t\t\t<div class=\"elementor-container elementor-column-gap-default\">\n\t\t\t\t\t<div class=\"elementor-column elementor-col-100 elementor-top-column elementor-element elementor-element-970fb3e\" data-id=\"970fb3e\" data-element_type=\"column\" data-e-type=\"column\">\n\t\t\t<div class=\"elementor-widget-wrap elementor-element-populated\">\n\t\t\t\t\t\t<div class=\"elementor-element elementor-element-d63ff46 elementor-widget elementor-widget-text-editor\" data-id=\"d63ff46\" data-element_type=\"widget\" data-e-type=\"widget\" data-widget_type=\"text-editor.default\">\n\t\t\t\t<div class=\"elementor-widget-container\">\n\t\t\t\t\t\t\t\t\t<h4><strong>\u00a0<\/strong><strong>Binlerce y\u0131ll\u0131k Frans\u0131z ekme\u011finin tat ve lezzeti, de\u011fi\u015fik toplumlar\u0131n nesilden nesile<br \/>aktard\u0131\u011f\u0131 e\u015fsiz lezzet, do\u011fal ve sa\u011fl\u0131kl\u0131 i\u00e7eri\u011fi sayesinde herkesin damak tad\u0131na uygun haline gelmi\u015ftir.<br \/>B\u00fct\u00fcn bunlara dayanarak bu ekmekten sizin i\u00e7in, \u00e7\u0131t\u0131r \u00e7\u0131t\u0131r kavrulmu\u015f ve sa\u011fl\u0131kl\u0131 bir baget cipsi \u00fcretildi. \u00c7e\u015fitli tatlardan se\u00e7ildi ve ara \u00f6\u011f\u00fcn\u00fcn\u00fcz\u00fcn m\u00fckemmel tamamlay\u0131c\u0131s\u0131 haline getirildi.<br \/><\/strong><\/h4>\t\t\t\t\t\t\t\t<\/div>\n\t\t\t\t<\/div>\n\t\t\t\t\t<\/div>\n\t\t<\/div>\n\t\t\t\t\t<\/div>\n\t\t<\/section>\n\t\t\t\t<section class=\"elementor-section elementor-top-section elementor-element elementor-element-87e3358 elementor-section-full_width elementor-section-height-default elementor-section-height-default\" data-id=\"87e3358\" data-element_type=\"section\" data-e-type=\"section\">\n\t\t\t\t\t\t<div class=\"elementor-container elementor-column-gap-default\">\n\t\t\t\t\t<div class=\"elementor-column elementor-col-50 elementor-top-column elementor-element elementor-element-8ccb874\" data-id=\"8ccb874\" data-element_type=\"column\" data-e-type=\"column\">\n\t\t\t<div class=\"elementor-widget-wrap elementor-element-populated\">\n\t\t\t\t\t\t<div class=\"elementor-element elementor-element-e33b5fd elementor-widget elementor-widget-heading\" data-id=\"e33b5fd\" data-element_type=\"widget\" data-e-type=\"widget\" data-widget_type=\"heading.default\">\n\t\t\t\t<div class=\"elementor-widget-container\">\n\t\t\t\t\t<h2 class=\"elementor-heading-title elementor-size-large\">FIRINLANMI\u015e FRANSIZ EKMEK C\u0130PS\n (ACI  BAHARATLI)\n<\/h2>\t\t\t\t<\/div>\n\t\t\t\t<\/div>\n\t\t\t\t<div class=\"elementor-element elementor-element-fda98b2 elementor-widget elementor-widget-text-editor\" data-id=\"fda98b2\" data-element_type=\"widget\" data-e-type=\"widget\" data-widget_type=\"text-editor.default\">\n\t\t\t\t<div class=\"elementor-widget-container\">\n\t\t\t\t\t\t\t\t\t<h4>G\u00fcn\u00fcn\u00fcze enerji katacak bir lezzet ile baharatlar\u0131n farkl\u0131 aromalar\u0131n\u0131n tad\u0131n\u0131 \u00e7\u0131kar\u0131n.<\/h4><h4>\u00d6l\u00e7\u00fc birimi: PO\u015eET <br \/>A\u011f\u0131rl\u0131\u011f\u0131 : 110 G <br \/>Ambalaj : Barkodlu g\u0131daya uygun bir po\u015fet i\u00e7inde paketlenmi\u015ftir.<\/h4>\t\t\t\t\t\t\t\t<\/div>\n\t\t\t\t<\/div>\n\t\t\t\t\t<\/div>\n\t\t<\/div>\n\t\t\t\t<div class=\"elementor-column elementor-col-50 elementor-top-column elementor-element elementor-element-559ac69\" data-id=\"559ac69\" data-element_type=\"column\" data-e-type=\"column\">\n\t\t\t<div class=\"elementor-widget-wrap elementor-element-populated\">\n\t\t\t\t\t\t<div class=\"elementor-element elementor-element-61da979 elementor-invisible elementor-widget elementor-widget-image\" data-id=\"61da979\" data-element_type=\"widget\" data-e-type=\"widget\" data-settings=\"{&quot;_animation&quot;:&quot;zoomIn&quot;}\" data-widget_type=\"image.default\">\n\t\t\t\t<div class=\"elementor-widget-container\">\n\t\t\t\t\t\t\t\t\t\t\t\t\t\t\t<img fetchpriority=\"high\" decoding=\"async\" width=\"724\" height=\"1024\" src=\"https:\/\/zeynaunlumamuller.com\/wp-content\/uploads\/2020\/08\/WhatsApp-Image-2020-08-17-at-10.06.43-AM-1-724x1024.jpeg\" class=\"attachment-large size-large wp-image-4379\" alt=\"\" srcset=\"https:\/\/zeynaunlumamuller.com\/wp-content\/uploads\/2020\/08\/WhatsApp-Image-2020-08-17-at-10.06.43-AM-1-724x1024.jpeg 724w, https:\/\/zeynaunlumamuller.com\/wp-content\/uploads\/2020\/08\/WhatsApp-Image-2020-08-17-at-10.06.43-AM-1-212x300.jpeg 212w, https:\/\/zeynaunlumamuller.com\/wp-content\/uploads\/2020\/08\/WhatsApp-Image-2020-08-17-at-10.06.43-AM-1-768x1086.jpeg 768w, https:\/\/zeynaunlumamuller.com\/wp-content\/uploads\/2020\/08\/WhatsApp-Image-2020-08-17-at-10.06.43-AM-1-1086x1536.jpeg 1086w, https:\/\/zeynaunlumamuller.com\/wp-content\/uploads\/2020\/08\/WhatsApp-Image-2020-08-17-at-10.06.43-AM-1.jpeg 1131w\" sizes=\"(max-width: 724px) 100vw, 724px\" \/>\t\t\t\t\t\t\t\t\t\t\t\t\t\t\t<\/div>\n\t\t\t\t<\/div>\n\t\t\t\t\t<\/div>\n\t\t<\/div>\n\t\t\t\t\t<\/div>\n\t\t<\/section>\n\t\t\t\t<section class=\"elementor-section elementor-top-section elementor-element elementor-element-c1b673b elementor-section-full_width elementor-section-height-default elementor-section-height-default\" data-id=\"c1b673b\" data-element_type=\"section\" data-e-type=\"section\">\n\t\t\t\t\t\t<div class=\"elementor-container elementor-column-gap-default\">\n\t\t\t\t\t<div class=\"elementor-column elementor-col-50 elementor-top-column elementor-element elementor-element-30c5d7f\" data-id=\"30c5d7f\" data-element_type=\"column\" data-e-type=\"column\">\n\t\t\t<div class=\"elementor-widget-wrap elementor-element-populated\">\n\t\t\t\t\t\t<div class=\"elementor-element elementor-element-2afa35b elementor-widget elementor-widget-heading\" data-id=\"2afa35b\" data-element_type=\"widget\" data-e-type=\"widget\" data-widget_type=\"heading.default\">\n\t\t\t\t<div class=\"elementor-widget-container\">\n\t\t\t\t\t<h2 class=\"elementor-heading-title elementor-size-large\">FIRINLANMI\u015e FRANSIZ EKMEK C\u0130PS\n (PERMASAN VE KEK\u0130KL\u0130)\n<\/h2>\t\t\t\t<\/div>\n\t\t\t\t<\/div>\n\t\t\t\t<div class=\"elementor-element elementor-element-de47098 elementor-widget elementor-widget-text-editor\" data-id=\"de47098\" data-element_type=\"widget\" data-e-type=\"widget\" data-widget_type=\"text-editor.default\">\n\t\t\t\t<div class=\"elementor-widget-container\">\n\t\t\t\t\t\t\t\t\t<h4>Parmesan ve kekik tad\u0131yla e\u015fsiz bir deneyim haline gelen lezzet.<\/h4><h4>\u00d6l\u00e7\u00fc birimi: PO\u015eET <br \/>A\u011f\u0131rl\u0131\u011f\u0131 : 110 G <br \/>Ambalaj : Barkodlu g\u0131daya uygun bir po\u015fet i\u00e7inde paketlenmi\u015ftir.<\/h4>\t\t\t\t\t\t\t\t<\/div>\n\t\t\t\t<\/div>\n\t\t\t\t\t<\/div>\n\t\t<\/div>\n\t\t\t\t<div class=\"elementor-column elementor-col-50 elementor-top-column elementor-element elementor-element-56d2fd4\" data-id=\"56d2fd4\" data-element_type=\"column\" data-e-type=\"column\">\n\t\t\t<div class=\"elementor-widget-wrap elementor-element-populated\">\n\t\t\t\t\t\t<div class=\"elementor-element elementor-element-9eced62 elementor-invisible elementor-widget elementor-widget-image\" data-id=\"9eced62\" data-element_type=\"widget\" data-e-type=\"widget\" data-settings=\"{&quot;_animation&quot;:&quot;zoomIn&quot;}\" data-widget_type=\"image.default\">\n\t\t\t\t<div class=\"elementor-widget-container\">\n\t\t\t\t\t\t\t\t\t\t\t\t\t\t\t<img decoding=\"async\" width=\"659\" height=\"1024\" src=\"https:\/\/zeynaunlumamuller.com\/wp-content\/uploads\/2020\/08\/WhatsApp-Image-2020-08-17-at-10.06.42-AM.jpeg\" class=\"attachment-large size-large wp-image-4385\" alt=\"\" srcset=\"https:\/\/zeynaunlumamuller.com\/wp-content\/uploads\/2020\/08\/WhatsApp-Image-2020-08-17-at-10.06.42-AM.jpeg 659w, https:\/\/zeynaunlumamuller.com\/wp-content\/uploads\/2020\/08\/WhatsApp-Image-2020-08-17-at-10.06.42-AM-193x300.jpeg 193w\" sizes=\"(max-width: 659px) 100vw, 659px\" \/>\t\t\t\t\t\t\t\t\t\t\t\t\t\t\t<\/div>\n\t\t\t\t<\/div>\n\t\t\t\t\t<\/div>\n\t\t<\/div>\n\t\t\t\t\t<\/div>\n\t\t<\/section>\n\t\t\t\t<section class=\"elementor-section elementor-top-section elementor-element elementor-element-9a7be44 elementor-section-full_width elementor-section-height-default elementor-section-height-default\" data-id=\"9a7be44\" data-element_type=\"section\" data-e-type=\"section\">\n\t\t\t\t\t\t<div class=\"elementor-container elementor-column-gap-default\">\n\t\t\t\t\t<div class=\"elementor-column elementor-col-50 elementor-top-column elementor-element elementor-element-0644586\" data-id=\"0644586\" data-element_type=\"column\" data-e-type=\"column\">\n\t\t\t<div class=\"elementor-widget-wrap elementor-element-populated\">\n\t\t\t\t\t\t<div class=\"elementor-element elementor-element-44f69bb elementor-widget elementor-widget-heading\" data-id=\"44f69bb\" data-element_type=\"widget\" data-e-type=\"widget\" data-widget_type=\"heading.default\">\n\t\t\t\t<div class=\"elementor-widget-container\">\n\t\t\t\t\t<h2 class=\"elementor-heading-title elementor-size-large\">FIRINLANMI\u015e FRANSIZ EKMEK C\u0130PS\n (KARI\u015eIK SEBZEL\u0130)\n<\/h2>\t\t\t\t<\/div>\n\t\t\t\t<\/div>\n\t\t\t\t<div class=\"elementor-element elementor-element-3e0df0f elementor-widget elementor-widget-text-editor\" data-id=\"3e0df0f\" data-element_type=\"widget\" data-e-type=\"widget\" data-widget_type=\"text-editor.default\">\n\t\t\t\t<div class=\"elementor-widget-container\">\n\t\t\t\t\t\t\t\t\t<h4>Sa\u011fl\u0131kl\u0131 ve lezzetli \u00e7\u0131t\u0131r \u00e7\u0131t\u0131r kar\u0131\u015f\u0131k sebze aromas\u0131n\u0131n ferahlat\u0131c\u0131 tad\u0131.<\/h4><h4>\u00d6l\u00e7\u00fc birimi: PO\u015eET <br \/>A\u011f\u0131rl\u0131\u011f\u0131 : 110 G <br \/>Ambalaj : Barkodlu g\u0131daya uygun bir po\u015fet i\u00e7inde paketlenmi\u015ftir.<\/h4>\t\t\t\t\t\t\t\t<\/div>\n\t\t\t\t<\/div>\n\t\t\t\t\t<\/div>\n\t\t<\/div>\n\t\t\t\t<div class=\"elementor-column elementor-col-50 elementor-top-column elementor-element elementor-element-c68e9d7\" data-id=\"c68e9d7\" data-element_type=\"column\" data-e-type=\"column\">\n\t\t\t<div class=\"elementor-widget-wrap elementor-element-populated\">\n\t\t\t\t\t\t<div class=\"elementor-element elementor-element-73f6671 elementor-invisible elementor-widget elementor-widget-image\" data-id=\"73f6671\" data-element_type=\"widget\" data-e-type=\"widget\" data-settings=\"{&quot;_animation&quot;:&quot;zoomIn&quot;}\" data-widget_type=\"image.default\">\n\t\t\t\t<div class=\"elementor-widget-container\">\n\t\t\t\t\t\t\t\t\t\t\t\t\t\t\t<img decoding=\"async\" width=\"724\" height=\"1024\" src=\"https:\/\/zeynaunlumamuller.com\/wp-content\/uploads\/2020\/08\/WhatsApp-Image-2020-08-17-at-10.06.43-AM-724x1024.jpeg\" class=\"attachment-large size-large wp-image-4382\" alt=\"\" srcset=\"https:\/\/zeynaunlumamuller.com\/wp-content\/uploads\/2020\/08\/WhatsApp-Image-2020-08-17-at-10.06.43-AM-724x1024.jpeg 724w, https:\/\/zeynaunlumamuller.com\/wp-content\/uploads\/2020\/08\/WhatsApp-Image-2020-08-17-at-10.06.43-AM-212x300.jpeg 212w, https:\/\/zeynaunlumamuller.com\/wp-content\/uploads\/2020\/08\/WhatsApp-Image-2020-08-17-at-10.06.43-AM-768x1086.jpeg 768w, https:\/\/zeynaunlumamuller.com\/wp-content\/uploads\/2020\/08\/WhatsApp-Image-2020-08-17-at-10.06.43-AM-1086x1536.jpeg 1086w, https:\/\/zeynaunlumamuller.com\/wp-content\/uploads\/2020\/08\/WhatsApp-Image-2020-08-17-at-10.06.43-AM.jpeg 1131w\" sizes=\"(max-width: 724px) 100vw, 724px\" \/>\t\t\t\t\t\t\t\t\t\t\t\t\t\t\t<\/div>\n\t\t\t\t<\/div>\n\t\t\t\t\t<\/div>\n\t\t<\/div>\n\t\t\t\t\t<\/div>\n\t\t<\/section>\n\t\t\t\t<section class=\"elementor-section elementor-top-section elementor-element elementor-element-a0ce236 elementor-section-full_width elementor-section-height-default elementor-section-height-default\" data-id=\"a0ce236\" data-element_type=\"section\" data-e-type=\"section\">\n\t\t\t\t\t\t<div class=\"elementor-container elementor-column-gap-default\">\n\t\t\t\t\t<div class=\"elementor-column elementor-col-50 elementor-top-column elementor-element elementor-element-765aca8\" data-id=\"765aca8\" data-element_type=\"column\" data-e-type=\"column\">\n\t\t\t<div class=\"elementor-widget-wrap elementor-element-populated\">\n\t\t\t\t\t\t<div class=\"elementor-element elementor-element-e09e766 elementor-widget elementor-widget-heading\" data-id=\"e09e766\" data-element_type=\"widget\" data-e-type=\"widget\" data-widget_type=\"heading.default\">\n\t\t\t\t<div class=\"elementor-widget-container\">\n\t\t\t\t\t<h2 class=\"elementor-heading-title elementor-size-large\">FIRINLANMI\u015e FRANSIZ EKMEK C\u0130PS\n (MANTAR AROMALI )\n<\/h2>\t\t\t\t<\/div>\n\t\t\t\t<\/div>\n\t\t\t\t<div class=\"elementor-element elementor-element-f4037ec elementor-widget elementor-widget-text-editor\" data-id=\"f4037ec\" data-element_type=\"widget\" data-e-type=\"widget\" data-widget_type=\"text-editor.default\">\n\t\t\t\t<div class=\"elementor-widget-container\">\n\t\t\t\t\t\t\t\t\t<h4>En iyi lezzet ve tad\u0131 yakalamak i\u00e7in mantar ve peyniri harmanlayarak bu pakette birle\u015ftirdik. Do\u011fal lezzetin keyfini \u00e7\u0131kar\u0131n.<\/h4><h4>\u00d6l\u00e7\u00fc birimi: PO\u015eET <br \/>A\u011f\u0131rl\u0131\u011f\u0131 : 110 G <br \/>Ambalaj : Barkodlu g\u0131daya uygun bir po\u015fet i\u00e7inde paketlenmi\u015ftir.<\/h4>\t\t\t\t\t\t\t\t<\/div>\n\t\t\t\t<\/div>\n\t\t\t\t\t<\/div>\n\t\t<\/div>\n\t\t\t\t<div class=\"elementor-column elementor-col-50 elementor-top-column elementor-element elementor-element-0454262\" data-id=\"0454262\" data-element_type=\"column\" data-e-type=\"column\">\n\t\t\t<div class=\"elementor-widget-wrap elementor-element-populated\">\n\t\t\t\t\t\t<div class=\"elementor-element elementor-element-e37dba2 elementor-invisible elementor-widget elementor-widget-image\" data-id=\"e37dba2\" data-element_type=\"widget\" data-e-type=\"widget\" data-settings=\"{&quot;_animation&quot;:&quot;zoomIn&quot;}\" data-widget_type=\"image.default\">\n\t\t\t\t<div class=\"elementor-widget-container\">\n\t\t\t\t\t\t\t\t\t\t\t\t\t\t\t<img loading=\"lazy\" decoding=\"async\" width=\"724\" height=\"1024\" src=\"https:\/\/zeynaunlumamuller.com\/wp-content\/uploads\/2020\/08\/WhatsApp-Image-2020-08-17-at-10.06.43-AM-2-724x1024.jpeg\" class=\"attachment-large size-large wp-image-4376\" alt=\"\" srcset=\"https:\/\/zeynaunlumamuller.com\/wp-content\/uploads\/2020\/08\/WhatsApp-Image-2020-08-17-at-10.06.43-AM-2-724x1024.jpeg 724w, https:\/\/zeynaunlumamuller.com\/wp-content\/uploads\/2020\/08\/WhatsApp-Image-2020-08-17-at-10.06.43-AM-2-212x300.jpeg 212w, https:\/\/zeynaunlumamuller.com\/wp-content\/uploads\/2020\/08\/WhatsApp-Image-2020-08-17-at-10.06.43-AM-2-768x1086.jpeg 768w, https:\/\/zeynaunlumamuller.com\/wp-content\/uploads\/2020\/08\/WhatsApp-Image-2020-08-17-at-10.06.43-AM-2-1086x1536.jpeg 1086w, https:\/\/zeynaunlumamuller.com\/wp-content\/uploads\/2020\/08\/WhatsApp-Image-2020-08-17-at-10.06.43-AM-2.jpeg 1131w\" sizes=\"(max-width: 724px) 100vw, 724px\" \/>\t\t\t\t\t\t\t\t\t\t\t\t\t\t\t<\/div>\n\t\t\t\t<\/div>\n\t\t\t\t\t<\/div>\n\t\t<\/div>\n\t\t\t\t\t<\/div>\n\t\t<\/section>\n\t\t\t\t<section class=\"elementor-section elementor-top-section elementor-element elementor-element-98acdb0 elementor-section-full_width elementor-section-height-default elementor-section-height-default\" data-id=\"98acdb0\" data-element_type=\"section\" data-e-type=\"section\">\n\t\t\t\t\t\t<div class=\"elementor-container elementor-column-gap-default\">\n\t\t\t\t\t<div class=\"elementor-column elementor-col-50 elementor-top-column elementor-element elementor-element-538bda4\" data-id=\"538bda4\" data-element_type=\"column\" data-e-type=\"column\">\n\t\t\t<div class=\"elementor-widget-wrap elementor-element-populated\">\n\t\t\t\t\t\t<div class=\"elementor-element elementor-element-9a351ca elementor-widget elementor-widget-heading\" data-id=\"9a351ca\" data-element_type=\"widget\" data-e-type=\"widget\" data-widget_type=\"heading.default\">\n\t\t\t\t<div class=\"elementor-widget-container\">\n\t\t\t\t\t<h2 class=\"elementor-heading-title elementor-size-large\">FIRINLANMI\u015e FRANSIZ EKMEK C\u0130PS\n (P\u0130ZZA TUTKUSU)\n<\/h2>\t\t\t\t<\/div>\n\t\t\t\t<\/div>\n\t\t\t\t<div class=\"elementor-element elementor-element-397407e elementor-widget elementor-widget-text-editor\" data-id=\"397407e\" data-element_type=\"widget\" data-e-type=\"widget\" data-widget_type=\"text-editor.default\">\n\t\t\t\t<div class=\"elementor-widget-container\">\n\t\t\t\t\t\t\t\t\t<h4>Az kalori ile \u00e7\u0131t\u0131r \u00e7\u0131t\u0131r f\u0131r\u0131nlanm\u0131\u015f FRANSIZ EKMEK C\u0130PS pizzan\u0131n tad\u0131n\u0131 \u00e7\u0131kar\u0131n.<\/h4><h4>\u00d6l\u00e7\u00fc birimi: PO\u015eET <br \/>A\u011f\u0131rl\u0131\u011f\u0131 : 110 G <br \/>Ambalaj : Barkodlu g\u0131daya uygun bir po\u015fet i\u00e7inde paketlenmi\u015ftir.<\/h4>\t\t\t\t\t\t\t\t<\/div>\n\t\t\t\t<\/div>\n\t\t\t\t\t<\/div>\n\t\t<\/div>\n\t\t\t\t<div class=\"elementor-column elementor-col-50 elementor-top-column elementor-element elementor-element-cd596cd\" data-id=\"cd596cd\" data-element_type=\"column\" data-e-type=\"column\">\n\t\t\t<div class=\"elementor-widget-wrap elementor-element-populated\">\n\t\t\t\t\t\t<div class=\"elementor-element elementor-element-5938b95 elementor-invisible elementor-widget elementor-widget-image\" data-id=\"5938b95\" data-element_type=\"widget\" data-e-type=\"widget\" data-settings=\"{&quot;_animation&quot;:&quot;zoomIn&quot;}\" data-widget_type=\"image.default\">\n\t\t\t\t<div class=\"elementor-widget-container\">\n\t\t\t\t\t\t\t\t\t\t\t\t\t\t\t<img loading=\"lazy\" decoding=\"async\" width=\"724\" height=\"1024\" src=\"https:\/\/zeynaunlumamuller.com\/wp-content\/uploads\/2020\/08\/WhatsApp-Image-2020-08-17-at-10.06.44-AM-724x1024.jpeg\" class=\"attachment-large size-large wp-image-4370\" alt=\"\" srcset=\"https:\/\/zeynaunlumamuller.com\/wp-content\/uploads\/2020\/08\/WhatsApp-Image-2020-08-17-at-10.06.44-AM-724x1024.jpeg 724w, https:\/\/zeynaunlumamuller.com\/wp-content\/uploads\/2020\/08\/WhatsApp-Image-2020-08-17-at-10.06.44-AM-212x300.jpeg 212w, https:\/\/zeynaunlumamuller.com\/wp-content\/uploads\/2020\/08\/WhatsApp-Image-2020-08-17-at-10.06.44-AM-768x1086.jpeg 768w, https:\/\/zeynaunlumamuller.com\/wp-content\/uploads\/2020\/08\/WhatsApp-Image-2020-08-17-at-10.06.44-AM-1086x1536.jpeg 1086w, https:\/\/zeynaunlumamuller.com\/wp-content\/uploads\/2020\/08\/WhatsApp-Image-2020-08-17-at-10.06.44-AM.jpeg 1131w\" sizes=\"(max-width: 724px) 100vw, 724px\" \/>\t\t\t\t\t\t\t\t\t\t\t\t\t\t\t<\/div>\n\t\t\t\t<\/div>\n\t\t\t\t\t<\/div>\n\t\t<\/div>\n\t\t\t\t\t<\/div>\n\t\t<\/section>\n\t\t\t\t<section class=\"elementor-section elementor-top-section elementor-element elementor-element-2b8ac23 elementor-section-height-min-height elementor-section-boxed elementor-section-height-default elementor-section-items-middle\" data-id=\"2b8ac23\" data-element_type=\"section\" data-e-type=\"section\">\n\t\t\t\t\t\t<div class=\"elementor-container elementor-column-gap-default\">\n\t\t\t\t\t<div class=\"elementor-column elementor-col-100 elementor-top-column elementor-element elementor-element-03f158a\" data-id=\"03f158a\" data-element_type=\"column\" data-e-type=\"column\">\n\t\t\t<div class=\"elementor-widget-wrap elementor-element-populated\">\n\t\t\t\t\t\t<div class=\"elementor-element elementor-element-b678353 animated-slow elementor-invisible elementor-widget elementor-widget-image\" data-id=\"b678353\" data-element_type=\"widget\" data-e-type=\"widget\" data-settings=\"{&quot;_animation&quot;:&quot;zoomInUp&quot;}\" data-widget_type=\"image.default\">\n\t\t\t\t<div class=\"elementor-widget-container\">\n\t\t\t\t\t\t\t\t\t\t\t\t\t\t\t<img loading=\"lazy\" decoding=\"async\" width=\"1024\" height=\"724\" src=\"https:\/\/zeynaunlumamuller.com\/wp-content\/uploads\/2020\/08\/catalog-front-back-.jpg\" class=\"attachment-large size-large wp-image-4569\" alt=\"\" \/>\t\t\t\t\t\t\t\t\t\t\t\t\t\t\t<\/div>\n\t\t\t\t<\/div>\n\t\t\t\t\t<\/div>\n\t\t<\/div>\n\t\t\t\t\t<\/div>\n\t\t<\/section>\n\t\t\t\t<\/div>\n\t\t","protected":false},"excerpt":{"rendered":"<p>\u00a0Binlerce y\u0131ll\u0131k Frans\u0131z ekme\u011finin tat ve lezzeti, de\u011fi\u015fik toplumlar\u0131n nesilden nesileaktard\u0131\u011f\u0131 e\u015fsiz lezzet, do\u011fal ve sa\u011fl\u0131kl\u0131 i\u00e7eri\u011fi sayesinde herkesin damak tad\u0131na uygun haline gelmi\u015ftir.B\u00fct\u00fcn bunlara dayanarak bu ekmekten sizin i\u00e7in, \u00e7\u0131t\u0131r \u00e7\u0131t\u0131r kavrulmu\u015f ve sa\u011fl\u0131kl\u0131 bir baget cipsi \u00fcretildi. \u00c7e\u015fitli tatlardan se\u00e7ildi ve ara \u00f6\u011f\u00fcn\u00fcn\u00fcz\u00fcn m\u00fckemmel tamamlay\u0131c\u0131s\u0131 haline getirildi. FIRINLANMI\u015e FRANSIZ EKMEK C\u0130PS (ACI BAHARATLI) [&hellip;]<\/p>\n","protected":false},"author":2,"featured_media":0,"parent":0,"menu_order":0,"comment_status":"closed","ping_status":"closed","template":"","meta":{"footnotes":""},"class_list":["post-6075","page","type-page","status-publish","hentry"],"_links":{"self":[{"href":"https:\/\/zeynaunlumamuller.com\/tr\/wp-json\/wp\/v2\/pages\/6075","targetHints":{"allow":["GET"]}}],"collection":[{"href":"https:\/\/zeynaunlumamuller.com\/tr\/wp-json\/wp\/v2\/pages"}],"about":[{"href":"https:\/\/zeynaunlumamuller.com\/tr\/wp-json\/wp\/v2\/types\/page"}],"author":[{"embeddable":true,"href":"https:\/\/zeynaunlumamuller.com\/tr\/wp-json\/wp\/v2\/users\/2"}],"replies":[{"embeddable":true,"href":"https:\/\/zeynaunlumamuller.com\/tr\/wp-json\/wp\/v2\/comments?post=6075"}],"version-history":[{"count":0,"href":"https:\/\/zeynaunlumamuller.com\/tr\/wp-json\/wp\/v2\/pages\/6075\/revisions"}],"wp:attachment":[{"href":"https:\/\/zeynaunlumamuller.com\/tr\/wp-json\/wp\/v2\/media?parent=6075"}],"curies":[{"name":"wp","href":"https:\/\/api.w.org\/{rel}","templated":true}]}}