{"id":5973,"date":"2020-10-01T12:51:23","date_gmt":"2020-10-01T12:51:23","guid":{"rendered":"http:\/\/www.zeynagroup.com\/?page_id=5973"},"modified":"2020-10-03T11:49:45","modified_gmt":"2020-10-03T11:49:45","slug":"mamul","status":"publish","type":"page","link":"https:\/\/zeynaunlumamuller.com\/tr\/mamul\/","title":{"rendered":"MAMUL"},"content":{"rendered":"\t\t<div data-elementor-type=\"wp-page\" data-elementor-id=\"5973\" class=\"elementor elementor-5973\">\n\t\t\t\t\t\t<section class=\"elementor-section elementor-top-section elementor-element elementor-element-b7b7d49 elementor-section-height-min-height elementor-reverse-tablet elementor-reverse-mobile animated-fast elementor-section-boxed elementor-section-height-default elementor-section-items-middle\" data-id=\"b7b7d49\" data-element_type=\"section\" data-e-type=\"section\" data-settings=\"{&quot;animation&quot;:&quot;none&quot;}\">\n\t\t\t\t\t\t\t<div class=\"elementor-background-overlay\"><\/div>\n\t\t\t\t\t\t\t<div class=\"elementor-container elementor-column-gap-extended\">\n\t\t\t\t\t<div class=\"elementor-column elementor-col-100 elementor-top-column elementor-element elementor-element-e0b713c\" data-id=\"e0b713c\" data-element_type=\"column\" data-e-type=\"column\">\n\t\t\t<div class=\"elementor-widget-wrap elementor-element-populated\">\n\t\t\t\t\t\t<div class=\"elementor-element elementor-element-d38cdd0 elementor-widget elementor-widget-image\" data-id=\"d38cdd0\" data-element_type=\"widget\" data-e-type=\"widget\" data-widget_type=\"image.default\">\n\t\t\t\t<div class=\"elementor-widget-container\">\n\t\t\t\t\t\t\t\t\t\t\t\t\t\t\t<img fetchpriority=\"high\" decoding=\"async\" width=\"1024\" height=\"1024\" src=\"https:\/\/zeynaunlumamuller.com\/wp-content\/uploads\/2020\/08\/1200-16-1024x1024.jpg\" class=\"attachment-large size-large wp-image-4917\" alt=\"\" srcset=\"https:\/\/zeynaunlumamuller.com\/wp-content\/uploads\/2020\/08\/1200-16-1024x1024.jpg 1024w, https:\/\/zeynaunlumamuller.com\/wp-content\/uploads\/2020\/08\/1200-16-300x300.jpg 300w, https:\/\/zeynaunlumamuller.com\/wp-content\/uploads\/2020\/08\/1200-16-150x150.jpg 150w, https:\/\/zeynaunlumamuller.com\/wp-content\/uploads\/2020\/08\/1200-16-768x768.jpg 768w, https:\/\/zeynaunlumamuller.com\/wp-content\/uploads\/2020\/08\/1200-16-600x600.jpg 600w, https:\/\/zeynaunlumamuller.com\/wp-content\/uploads\/2020\/08\/1200-16.jpg 1200w\" sizes=\"(max-width: 1024px) 100vw, 1024px\" \/>\t\t\t\t\t\t\t\t\t\t\t\t\t\t\t<\/div>\n\t\t\t\t<\/div>\n\t\t\t\t<div class=\"elementor-element elementor-element-3f142c1 elementor-widget elementor-widget-heading\" data-id=\"3f142c1\" data-element_type=\"widget\" data-e-type=\"widget\" data-widget_type=\"heading.default\">\n\t\t\t\t<div class=\"elementor-widget-container\">\n\t\t\t\t\t<h2 class=\"elementor-heading-title elementor-size-large\">MAMUL<\/h2>\t\t\t\t<\/div>\n\t\t\t\t<\/div>\n\t\t\t\t<div class=\"elementor-element elementor-element-90709cf elementor-widget elementor-widget-text-editor\" data-id=\"90709cf\" data-element_type=\"widget\" data-e-type=\"widget\" data-widget_type=\"text-editor.default\">\n\t\t\t\t<div class=\"elementor-widget-container\">\n\t\t\t\t\t\t\t\t\t<h4>Arap toplumlar\u0131n\u0131n bayramlarda ve \u00f6zel g\u00fcnlerde yapt\u0131\u011f\u0131 kurabiyelerden biri olan Mamul Kurabiyeyi, Zeyna Group nesiller boyunca aktar\u0131lan ayn\u0131 orijinal kar\u0131\u015f\u0131m\u0131yla ve l\u00fcks hurma dolgusuyla sunar.<\/h4><h4>\u00d6l\u00e7\u00fc birimi: ADET\u00a0<br \/>A\u011f\u0131rl\u0131\u011f\u0131: 50 G<br \/>Ambalaj : Barkodlu g\u0131daya uygun bir plastik kutu i\u00e7inde paketlenmi\u015ftir.<\/h4>\t\t\t\t\t\t\t\t<\/div>\n\t\t\t\t<\/div>\n\t\t\t\t\t<\/div>\n\t\t<\/div>\n\t\t\t\t\t<\/div>\n\t\t<\/section>\n\t\t\t\t<\/div>\n\t\t","protected":false},"excerpt":{"rendered":"<p>MAMUL Arap toplumlar\u0131n\u0131n bayramlarda ve \u00f6zel g\u00fcnlerde yapt\u0131\u011f\u0131 kurabiyelerden biri olan Mamul Kurabiyeyi, Zeyna Group nesiller boyunca aktar\u0131lan ayn\u0131 orijinal kar\u0131\u015f\u0131m\u0131yla ve l\u00fcks hurma dolgusuyla sunar. \u00d6l\u00e7\u00fc birimi: ADET\u00a0A\u011f\u0131rl\u0131\u011f\u0131: 50 GAmbalaj : Barkodlu g\u0131daya uygun bir plastik kutu i\u00e7inde paketlenmi\u015ftir.<\/p>\n","protected":false},"author":2,"featured_media":0,"parent":0,"menu_order":0,"comment_status":"closed","ping_status":"closed","template":"","meta":{"footnotes":""},"class_list":["post-5973","page","type-page","status-publish","hentry"],"_links":{"self":[{"href":"https:\/\/zeynaunlumamuller.com\/tr\/wp-json\/wp\/v2\/pages\/5973","targetHints":{"allow":["GET"]}}],"collection":[{"href":"https:\/\/zeynaunlumamuller.com\/tr\/wp-json\/wp\/v2\/pages"}],"about":[{"href":"https:\/\/zeynaunlumamuller.com\/tr\/wp-json\/wp\/v2\/types\/page"}],"author":[{"embeddable":true,"href":"https:\/\/zeynaunlumamuller.com\/tr\/wp-json\/wp\/v2\/users\/2"}],"replies":[{"embeddable":true,"href":"https:\/\/zeynaunlumamuller.com\/tr\/wp-json\/wp\/v2\/comments?post=5973"}],"version-history":[{"count":0,"href":"https:\/\/zeynaunlumamuller.com\/tr\/wp-json\/wp\/v2\/pages\/5973\/revisions"}],"wp:attachment":[{"href":"https:\/\/zeynaunlumamuller.com\/tr\/wp-json\/wp\/v2\/media?parent=5973"}],"curies":[{"name":"wp","href":"https:\/\/api.w.org\/{rel}","templated":true}]}}