{"id":5967,"date":"2020-10-01T12:49:14","date_gmt":"2020-10-01T12:49:14","guid":{"rendered":"http:\/\/www.zeynagroup.com\/?page_id=5967"},"modified":"2020-10-01T12:50:38","modified_gmt":"2020-10-01T12:50:38","slug":"coconuthindistan-cevizli","status":"publish","type":"page","link":"https:\/\/zeynaunlumamuller.com\/tr\/coconuthindistan-cevizli\/","title":{"rendered":"COCONUT(H\u0130ND\u0130STAN CEV\u0130ZL\u0130)"},"content":{"rendered":"\t\t<div data-elementor-type=\"wp-page\" data-elementor-id=\"5967\" class=\"elementor elementor-5967\">\n\t\t\t\t\t\t<section class=\"elementor-section elementor-top-section elementor-element elementor-element-9fbf81a elementor-section-height-min-height elementor-reverse-tablet elementor-reverse-mobile animated-fast elementor-section-boxed elementor-section-height-default elementor-section-items-middle\" data-id=\"9fbf81a\" data-element_type=\"section\" data-e-type=\"section\" data-settings=\"{&quot;animation&quot;:&quot;none&quot;}\">\n\t\t\t\t\t\t\t<div class=\"elementor-background-overlay\"><\/div>\n\t\t\t\t\t\t\t<div class=\"elementor-container elementor-column-gap-extended\">\n\t\t\t\t\t<div class=\"elementor-column elementor-col-100 elementor-top-column elementor-element elementor-element-fa20375\" data-id=\"fa20375\" data-element_type=\"column\" data-e-type=\"column\">\n\t\t\t<div class=\"elementor-widget-wrap elementor-element-populated\">\n\t\t\t\t\t\t<div class=\"elementor-element elementor-element-749b2c2 elementor-widget elementor-widget-image\" data-id=\"749b2c2\" data-element_type=\"widget\" data-e-type=\"widget\" data-widget_type=\"image.default\">\n\t\t\t\t<div class=\"elementor-widget-container\">\n\t\t\t\t\t\t\t\t\t\t\t\t\t\t\t<img fetchpriority=\"high\" decoding=\"async\" width=\"1024\" height=\"1024\" src=\"https:\/\/zeynaunlumamuller.com\/wp-content\/uploads\/2020\/02\/06-1024x1024.jpg\" class=\"attachment-large size-large wp-image-3370\" alt=\"\" srcset=\"https:\/\/zeynaunlumamuller.com\/wp-content\/uploads\/2020\/02\/06-1024x1024.jpg 1024w, https:\/\/zeynaunlumamuller.com\/wp-content\/uploads\/2020\/02\/06-300x300.jpg 300w, https:\/\/zeynaunlumamuller.com\/wp-content\/uploads\/2020\/02\/06-150x150.jpg 150w, https:\/\/zeynaunlumamuller.com\/wp-content\/uploads\/2020\/02\/06-768x768.jpg 768w, https:\/\/zeynaunlumamuller.com\/wp-content\/uploads\/2020\/02\/06-600x600.jpg 600w, https:\/\/zeynaunlumamuller.com\/wp-content\/uploads\/2020\/02\/06.jpg 1200w\" sizes=\"(max-width: 1024px) 100vw, 1024px\" \/>\t\t\t\t\t\t\t\t\t\t\t\t\t\t\t<\/div>\n\t\t\t\t<\/div>\n\t\t\t\t<div class=\"elementor-element elementor-element-f43202f elementor-widget elementor-widget-heading\" data-id=\"f43202f\" data-element_type=\"widget\" data-e-type=\"widget\" data-widget_type=\"heading.default\">\n\t\t\t\t<div class=\"elementor-widget-container\">\n\t\t\t\t\t<h2 class=\"elementor-heading-title elementor-size-large\">COCONUT(H\u0130ND\u0130STAN CEV\u0130ZL\u0130)<\/h2>\t\t\t\t<\/div>\n\t\t\t\t<\/div>\n\t\t\t\t<div class=\"elementor-element elementor-element-56d7b7a elementor-widget elementor-widget-text-editor\" data-id=\"56d7b7a\" data-element_type=\"widget\" data-e-type=\"widget\" data-widget_type=\"text-editor.default\">\n\t\t\t\t<div class=\"elementor-widget-container\">\n\t\t\t\t\t\t\t\t\t<h4>Hindistan cevizinin \u015fekerle kar\u0131\u015ft\u0131r\u0131larak hafif ve lezzetli bir coconut olu\u015fturdu\u011fu \u00fcr\u00fcn, \u00f6zel y\u00f6ntemlerle \u00fcretilen eski Suriye tatl\u0131lar\u0131ndan biridir.<\/h4><h4>\u00d6l\u00e7\u00fc birimi: Her kutuda 24 adet ayr\u0131 ayr\u0131 paketlenmi\u015ftir. <br \/>A\u011f\u0131rl\u0131\u011f\u0131: 50 G <br \/>Ambalaj : Barkodlu g\u0131daya uygun bir koli i\u00e7inde paketlenmi\u015ftir.<\/h4>\t\t\t\t\t\t\t\t<\/div>\n\t\t\t\t<\/div>\n\t\t\t\t\t<\/div>\n\t\t<\/div>\n\t\t\t\t\t<\/div>\n\t\t<\/section>\n\t\t\t\t<\/div>\n\t\t","protected":false},"excerpt":{"rendered":"<p>COCONUT(H\u0130ND\u0130STAN CEV\u0130ZL\u0130) Hindistan cevizinin \u015fekerle kar\u0131\u015ft\u0131r\u0131larak hafif ve lezzetli bir coconut olu\u015fturdu\u011fu \u00fcr\u00fcn, \u00f6zel y\u00f6ntemlerle \u00fcretilen eski Suriye tatl\u0131lar\u0131ndan biridir. \u00d6l\u00e7\u00fc birimi: Her kutuda 24 adet ayr\u0131 ayr\u0131 paketlenmi\u015ftir. A\u011f\u0131rl\u0131\u011f\u0131: 50 G Ambalaj : Barkodlu g\u0131daya uygun bir koli i\u00e7inde paketlenmi\u015ftir.<\/p>\n","protected":false},"author":2,"featured_media":0,"parent":0,"menu_order":0,"comment_status":"closed","ping_status":"closed","template":"","meta":{"footnotes":""},"class_list":["post-5967","page","type-page","status-publish","hentry"],"_links":{"self":[{"href":"https:\/\/zeynaunlumamuller.com\/tr\/wp-json\/wp\/v2\/pages\/5967","targetHints":{"allow":["GET"]}}],"collection":[{"href":"https:\/\/zeynaunlumamuller.com\/tr\/wp-json\/wp\/v2\/pages"}],"about":[{"href":"https:\/\/zeynaunlumamuller.com\/tr\/wp-json\/wp\/v2\/types\/page"}],"author":[{"embeddable":true,"href":"https:\/\/zeynaunlumamuller.com\/tr\/wp-json\/wp\/v2\/users\/2"}],"replies":[{"embeddable":true,"href":"https:\/\/zeynaunlumamuller.com\/tr\/wp-json\/wp\/v2\/comments?post=5967"}],"version-history":[{"count":0,"href":"https:\/\/zeynaunlumamuller.com\/tr\/wp-json\/wp\/v2\/pages\/5967\/revisions"}],"wp:attachment":[{"href":"https:\/\/zeynaunlumamuller.com\/tr\/wp-json\/wp\/v2\/media?parent=5967"}],"curies":[{"name":"wp","href":"https:\/\/api.w.org\/{rel}","templated":true}]}}