{"id":5918,"date":"2020-10-01T12:23:42","date_gmt":"2020-10-01T12:23:42","guid":{"rendered":"http:\/\/www.zeynagroup.com\/?page_id=5918"},"modified":"2020-10-01T14:58:07","modified_gmt":"2020-10-01T14:58:07","slug":"kek","status":"publish","type":"page","link":"https:\/\/zeynaunlumamuller.com\/tr\/kek\/","title":{"rendered":"KEK"},"content":{"rendered":"\t\t<div data-elementor-type=\"wp-page\" data-elementor-id=\"5918\" class=\"elementor elementor-5918\">\n\t\t\t\t\t\t<section class=\"elementor-section elementor-top-section elementor-element elementor-element-4489804 elementor-section-boxed elementor-section-height-default elementor-section-height-default\" data-id=\"4489804\" data-element_type=\"section\" data-e-type=\"section\">\n\t\t\t\t\t\t<div class=\"elementor-container elementor-column-gap-default\">\n\t\t\t\t\t<div class=\"elementor-column elementor-col-33 elementor-top-column elementor-element elementor-element-e22cfc3\" data-id=\"e22cfc3\" data-element_type=\"column\" data-e-type=\"column\">\n\t\t\t<div class=\"elementor-widget-wrap elementor-element-populated\">\n\t\t\t\t\t\t<div class=\"elementor-element elementor-element-89f0156 elementor-widget elementor-widget-image\" data-id=\"89f0156\" data-element_type=\"widget\" data-e-type=\"widget\" data-widget_type=\"image.default\">\n\t\t\t\t<div class=\"elementor-widget-container\">\n\t\t\t\t\t\t\t\t\t\t\t\t\t\t\t<img fetchpriority=\"high\" decoding=\"async\" width=\"1024\" height=\"587\" src=\"https:\/\/zeynaunlumamuller.com\/wp-content\/uploads\/2018\/10\/zeynagroup12-1024x587.jpg\" class=\"attachment-large size-large wp-image-2460\" alt=\"\" srcset=\"https:\/\/zeynaunlumamuller.com\/wp-content\/uploads\/2018\/10\/zeynagroup12-1024x587.jpg 1024w, https:\/\/zeynaunlumamuller.com\/wp-content\/uploads\/2018\/10\/zeynagroup12-300x172.jpg 300w, https:\/\/zeynaunlumamuller.com\/wp-content\/uploads\/2018\/10\/zeynagroup12-768x440.jpg 768w, https:\/\/zeynaunlumamuller.com\/wp-content\/uploads\/2018\/10\/zeynagroup12.jpg 1440w\" sizes=\"(max-width: 1024px) 100vw, 1024px\" \/>\t\t\t\t\t\t\t\t\t\t\t\t\t\t\t<\/div>\n\t\t\t\t<\/div>\n\t\t\t\t\t<\/div>\n\t\t<\/div>\n\t\t\t\t<div class=\"elementor-column elementor-col-33 elementor-top-column elementor-element elementor-element-537a09e\" data-id=\"537a09e\" data-element_type=\"column\" data-e-type=\"column\">\n\t\t\t<div class=\"elementor-widget-wrap elementor-element-populated\">\n\t\t\t\t\t\t<div class=\"elementor-element elementor-element-cc6a828 elementor-widget elementor-widget-image\" data-id=\"cc6a828\" data-element_type=\"widget\" data-e-type=\"widget\" data-widget_type=\"image.default\">\n\t\t\t\t<div class=\"elementor-widget-container\">\n\t\t\t\t\t\t\t\t\t\t\t\t\t\t\t<img decoding=\"async\" width=\"472\" height=\"472\" src=\"https:\/\/zeynaunlumamuller.com\/wp-content\/uploads\/2020\/08\/01-7.jpg\" class=\"attachment-large size-large wp-image-4688\" alt=\"\" srcset=\"https:\/\/zeynaunlumamuller.com\/wp-content\/uploads\/2020\/08\/01-7.jpg 472w, https:\/\/zeynaunlumamuller.com\/wp-content\/uploads\/2020\/08\/01-7-300x300.jpg 300w, https:\/\/zeynaunlumamuller.com\/wp-content\/uploads\/2020\/08\/01-7-150x150.jpg 150w\" sizes=\"(max-width: 472px) 100vw, 472px\" \/>\t\t\t\t\t\t\t\t\t\t\t\t\t\t\t<\/div>\n\t\t\t\t<\/div>\n\t\t\t\t\t<\/div>\n\t\t<\/div>\n\t\t\t\t<div class=\"elementor-column elementor-col-33 elementor-top-column elementor-element elementor-element-e44506a\" data-id=\"e44506a\" data-element_type=\"column\" data-e-type=\"column\">\n\t\t\t<div class=\"elementor-widget-wrap elementor-element-populated\">\n\t\t\t\t\t\t<div class=\"elementor-element elementor-element-9e6981b elementor-widget elementor-widget-image\" data-id=\"9e6981b\" data-element_type=\"widget\" data-e-type=\"widget\" data-widget_type=\"image.default\">\n\t\t\t\t<div class=\"elementor-widget-container\">\n\t\t\t\t\t\t\t\t\t\t\t\t\t\t\t<img decoding=\"async\" width=\"1024\" height=\"1024\" src=\"https:\/\/zeynaunlumamuller.com\/wp-content\/uploads\/2020\/08\/354-1024x1024.jpg\" class=\"attachment-large size-large wp-image-4755\" alt=\"\" srcset=\"https:\/\/zeynaunlumamuller.com\/wp-content\/uploads\/2020\/08\/354-1024x1024.jpg 1024w, https:\/\/zeynaunlumamuller.com\/wp-content\/uploads\/2020\/08\/354-300x300.jpg 300w, https:\/\/zeynaunlumamuller.com\/wp-content\/uploads\/2020\/08\/354-150x150.jpg 150w, https:\/\/zeynaunlumamuller.com\/wp-content\/uploads\/2020\/08\/354-768x768.jpg 768w, https:\/\/zeynaunlumamuller.com\/wp-content\/uploads\/2020\/08\/354-600x600.jpg 600w, https:\/\/zeynaunlumamuller.com\/wp-content\/uploads\/2020\/08\/354.jpg 1200w\" sizes=\"(max-width: 1024px) 100vw, 1024px\" \/>\t\t\t\t\t\t\t\t\t\t\t\t\t\t\t<\/div>\n\t\t\t\t<\/div>\n\t\t\t\t\t<\/div>\n\t\t<\/div>\n\t\t\t\t\t<\/div>\n\t\t<\/section>\n\t\t\t\t<section class=\"elementor-section elementor-top-section elementor-element elementor-element-d04140c elementor-section-boxed elementor-section-height-default elementor-section-height-default\" data-id=\"d04140c\" data-element_type=\"section\" data-e-type=\"section\">\n\t\t\t\t\t\t<div class=\"elementor-container elementor-column-gap-default\">\n\t\t\t\t\t<div class=\"elementor-column elementor-col-33 elementor-top-column elementor-element elementor-element-be4f5f1\" data-id=\"be4f5f1\" data-element_type=\"column\" data-e-type=\"column\">\n\t\t\t<div class=\"elementor-widget-wrap elementor-element-populated\">\n\t\t\t\t\t\t<div class=\"elementor-element elementor-element-3eb3c2d elementor-align-center elementor-widget elementor-widget-button\" data-id=\"3eb3c2d\" data-element_type=\"widget\" data-e-type=\"widget\" data-widget_type=\"button.default\">\n\t\t\t\t<div class=\"elementor-widget-container\">\n\t\t\t\t\t\t\t\t\t<div class=\"elementor-button-wrapper\">\n\t\t\t\t\t<a class=\"elementor-button elementor-button-link elementor-size-sm\" href=\"http:\/\/www.zeynagroup.com\/tr\/sunger-kek\/\">\n\t\t\t\t\t\t<span class=\"elementor-button-content-wrapper\">\n\t\t\t\t\t\t\t\t\t<span class=\"elementor-button-text\">S\u00dcNGER KEK<\/span>\n\t\t\t\t\t<\/span>\n\t\t\t\t\t<\/a>\n\t\t\t\t<\/div>\n\t\t\t\t\t\t\t\t<\/div>\n\t\t\t\t<\/div>\n\t\t\t\t\t<\/div>\n\t\t<\/div>\n\t\t\t\t<div class=\"elementor-column elementor-col-33 elementor-top-column elementor-element elementor-element-0c5728c\" data-id=\"0c5728c\" data-element_type=\"column\" data-e-type=\"column\">\n\t\t\t<div class=\"elementor-widget-wrap elementor-element-populated\">\n\t\t\t\t\t\t<div class=\"elementor-element elementor-element-be9cf43 elementor-align-center elementor-widget elementor-widget-button\" data-id=\"be9cf43\" data-element_type=\"widget\" data-e-type=\"widget\" data-widget_type=\"button.default\">\n\t\t\t\t<div class=\"elementor-widget-container\">\n\t\t\t\t\t\t\t\t\t<div class=\"elementor-button-wrapper\">\n\t\t\t\t\t<a class=\"elementor-button elementor-button-link elementor-size-sm\" href=\"http:\/\/www.zeynagroup.com\/tr\/kremali-kek\/\">\n\t\t\t\t\t\t<span class=\"elementor-button-content-wrapper\">\n\t\t\t\t\t\t\t\t\t<span class=\"elementor-button-text\"> Kremal\u0131 Kek <\/span>\n\t\t\t\t\t<\/span>\n\t\t\t\t\t<\/a>\n\t\t\t\t<\/div>\n\t\t\t\t\t\t\t\t<\/div>\n\t\t\t\t<\/div>\n\t\t\t\t\t<\/div>\n\t\t<\/div>\n\t\t\t\t<div class=\"elementor-column elementor-col-33 elementor-top-column elementor-element elementor-element-0d027f7\" data-id=\"0d027f7\" data-element_type=\"column\" data-e-type=\"column\">\n\t\t\t<div class=\"elementor-widget-wrap elementor-element-populated\">\n\t\t\t\t\t\t<div class=\"elementor-element elementor-element-ecb290d elementor-align-center elementor-widget elementor-widget-button\" data-id=\"ecb290d\" data-element_type=\"widget\" data-e-type=\"widget\" data-widget_type=\"button.default\">\n\t\t\t\t<div class=\"elementor-widget-container\">\n\t\t\t\t\t\t\t\t\t<div class=\"elementor-button-wrapper\">\n\t\t\t\t\t<a class=\"elementor-button elementor-button-link elementor-size-sm\" href=\"http:\/\/www.zeynagroup.com\/tr\/luks-kek-dilimleri\/\">\n\t\t\t\t\t\t<span class=\"elementor-button-content-wrapper\">\n\t\t\t\t\t\t\t\t\t<span class=\"elementor-button-text\">L\u00fcks Kek Dilimleri<\/span>\n\t\t\t\t\t<\/span>\n\t\t\t\t\t<\/a>\n\t\t\t\t<\/div>\n\t\t\t\t\t\t\t\t<\/div>\n\t\t\t\t<\/div>\n\t\t\t\t\t<\/div>\n\t\t<\/div>\n\t\t\t\t\t<\/div>\n\t\t<\/section>\n\t\t\t\t<section class=\"elementor-section elementor-top-section elementor-element elementor-element-d9108db elementor-section-boxed elementor-section-height-default elementor-section-height-default\" data-id=\"d9108db\" data-element_type=\"section\" data-e-type=\"section\">\n\t\t\t\t\t\t<div class=\"elementor-container elementor-column-gap-default\">\n\t\t\t\t\t<div class=\"elementor-column elementor-col-50 elementor-top-column elementor-element elementor-element-c0523e2\" data-id=\"c0523e2\" data-element_type=\"column\" data-e-type=\"column\">\n\t\t\t<div class=\"elementor-widget-wrap elementor-element-populated\">\n\t\t\t\t\t\t<div class=\"elementor-element elementor-element-16d9ec8 elementor-widget elementor-widget-image\" data-id=\"16d9ec8\" data-element_type=\"widget\" data-e-type=\"widget\" data-widget_type=\"image.default\">\n\t\t\t\t<div class=\"elementor-widget-container\">\n\t\t\t\t\t\t\t\t\t\t\t\t\t\t\t<img loading=\"lazy\" decoding=\"async\" width=\"1024\" height=\"1024\" src=\"https:\/\/zeynaunlumamuller.com\/wp-content\/uploads\/2020\/08\/1200-6-1024x1024.jpg\" class=\"attachment-large size-large wp-image-4507\" alt=\"\" srcset=\"https:\/\/zeynaunlumamuller.com\/wp-content\/uploads\/2020\/08\/1200-6-1024x1024.jpg 1024w, https:\/\/zeynaunlumamuller.com\/wp-content\/uploads\/2020\/08\/1200-6-300x300.jpg 300w, https:\/\/zeynaunlumamuller.com\/wp-content\/uploads\/2020\/08\/1200-6-150x150.jpg 150w, https:\/\/zeynaunlumamuller.com\/wp-content\/uploads\/2020\/08\/1200-6-768x768.jpg 768w, https:\/\/zeynaunlumamuller.com\/wp-content\/uploads\/2020\/08\/1200-6-600x600.jpg 600w, https:\/\/zeynaunlumamuller.com\/wp-content\/uploads\/2020\/08\/1200-6.jpg 1200w\" sizes=\"(max-width: 1024px) 100vw, 1024px\" \/>\t\t\t\t\t\t\t\t\t\t\t\t\t\t\t<\/div>\n\t\t\t\t<\/div>\n\t\t\t\t\t<\/div>\n\t\t<\/div>\n\t\t\t\t<div class=\"elementor-column elementor-col-50 elementor-top-column elementor-element elementor-element-6a3c06e\" data-id=\"6a3c06e\" data-element_type=\"column\" data-e-type=\"column\">\n\t\t\t<div class=\"elementor-widget-wrap elementor-element-populated\">\n\t\t\t\t\t\t<div class=\"elementor-element elementor-element-3c80238 elementor-widget elementor-widget-image\" data-id=\"3c80238\" data-element_type=\"widget\" data-e-type=\"widget\" data-widget_type=\"image.default\">\n\t\t\t\t<div class=\"elementor-widget-container\">\n\t\t\t\t\t\t\t\t\t\t\t\t\t\t\t<img loading=\"lazy\" decoding=\"async\" width=\"472\" height=\"472\" src=\"https:\/\/zeynaunlumamuller.com\/wp-content\/uploads\/2020\/08\/01-6.jpg\" class=\"attachment-large size-large wp-image-4664\" alt=\"\" srcset=\"https:\/\/zeynaunlumamuller.com\/wp-content\/uploads\/2020\/08\/01-6.jpg 472w, https:\/\/zeynaunlumamuller.com\/wp-content\/uploads\/2020\/08\/01-6-300x300.jpg 300w, https:\/\/zeynaunlumamuller.com\/wp-content\/uploads\/2020\/08\/01-6-150x150.jpg 150w\" sizes=\"(max-width: 472px) 100vw, 472px\" \/>\t\t\t\t\t\t\t\t\t\t\t\t\t\t\t<\/div>\n\t\t\t\t<\/div>\n\t\t\t\t\t<\/div>\n\t\t<\/div>\n\t\t\t\t\t<\/div>\n\t\t<\/section>\n\t\t\t\t<section class=\"elementor-section elementor-top-section elementor-element elementor-element-d61fcaf elementor-section-boxed elementor-section-height-default elementor-section-height-default\" data-id=\"d61fcaf\" data-element_type=\"section\" data-e-type=\"section\">\n\t\t\t\t\t\t<div class=\"elementor-container elementor-column-gap-default\">\n\t\t\t\t\t<div class=\"elementor-column elementor-col-50 elementor-top-column elementor-element elementor-element-3ed2bb0\" data-id=\"3ed2bb0\" data-element_type=\"column\" data-e-type=\"column\">\n\t\t\t<div class=\"elementor-widget-wrap elementor-element-populated\">\n\t\t\t\t\t\t<div class=\"elementor-element elementor-element-294e940 elementor-align-center elementor-widget elementor-widget-button\" data-id=\"294e940\" data-element_type=\"widget\" data-e-type=\"widget\" data-widget_type=\"button.default\">\n\t\t\t\t<div class=\"elementor-widget-container\">\n\t\t\t\t\t\t\t\t\t<div class=\"elementor-button-wrapper\">\n\t\t\t\t\t<a class=\"elementor-button elementor-button-link elementor-size-sm\" href=\"http:\/\/www.zeynagroup.com\/tr\/suare-kek\/\">\n\t\t\t\t\t\t<span class=\"elementor-button-content-wrapper\">\n\t\t\t\t\t\t\t\t\t<span class=\"elementor-button-text\">Suare  Kek <\/span>\n\t\t\t\t\t<\/span>\n\t\t\t\t\t<\/a>\n\t\t\t\t<\/div>\n\t\t\t\t\t\t\t\t<\/div>\n\t\t\t\t<\/div>\n\t\t\t\t\t<\/div>\n\t\t<\/div>\n\t\t\t\t<div class=\"elementor-column elementor-col-50 elementor-top-column elementor-element elementor-element-062db9d\" data-id=\"062db9d\" data-element_type=\"column\" data-e-type=\"column\">\n\t\t\t<div class=\"elementor-widget-wrap elementor-element-populated\">\n\t\t\t\t\t\t<div class=\"elementor-element elementor-element-5e181a9 elementor-align-center elementor-widget elementor-widget-button\" data-id=\"5e181a9\" data-element_type=\"widget\" data-e-type=\"widget\" data-widget_type=\"button.default\">\n\t\t\t\t<div class=\"elementor-widget-container\">\n\t\t\t\t\t\t\t\t\t<div class=\"elementor-button-wrapper\">\n\t\t\t\t\t<a class=\"elementor-button elementor-button-link elementor-size-sm\" href=\"http:\/\/www.zeynagroup.com\/tr\/english-kek\/\">\n\t\t\t\t\t\t<span class=\"elementor-button-content-wrapper\">\n\t\t\t\t\t\t\t\t\t<span class=\"elementor-button-text\">ENGLISH KEK<\/span>\n\t\t\t\t\t<\/span>\n\t\t\t\t\t<\/a>\n\t\t\t\t<\/div>\n\t\t\t\t\t\t\t\t<\/div>\n\t\t\t\t<\/div>\n\t\t\t\t\t<\/div>\n\t\t<\/div>\n\t\t\t\t\t<\/div>\n\t\t<\/section>\n\t\t\t\t<\/div>\n\t\t","protected":false},"excerpt":{"rendered":"<p>S\u00dcNGER KEK Kremal\u0131 Kek L\u00fcks Kek Dilimleri Suare Kek ENGLISH KEK<\/p>\n","protected":false},"author":2,"featured_media":0,"parent":0,"menu_order":0,"comment_status":"closed","ping_status":"closed","template":"","meta":{"footnotes":""},"class_list":["post-5918","page","type-page","status-publish","hentry"],"_links":{"self":[{"href":"https:\/\/zeynaunlumamuller.com\/tr\/wp-json\/wp\/v2\/pages\/5918","targetHints":{"allow":["GET"]}}],"collection":[{"href":"https:\/\/zeynaunlumamuller.com\/tr\/wp-json\/wp\/v2\/pages"}],"about":[{"href":"https:\/\/zeynaunlumamuller.com\/tr\/wp-json\/wp\/v2\/types\/page"}],"author":[{"embeddable":true,"href":"https:\/\/zeynaunlumamuller.com\/tr\/wp-json\/wp\/v2\/users\/2"}],"replies":[{"embeddable":true,"href":"https:\/\/zeynaunlumamuller.com\/tr\/wp-json\/wp\/v2\/comments?post=5918"}],"version-history":[{"count":0,"href":"https:\/\/zeynaunlumamuller.com\/tr\/wp-json\/wp\/v2\/pages\/5918\/revisions"}],"wp:attachment":[{"href":"https:\/\/zeynaunlumamuller.com\/tr\/wp-json\/wp\/v2\/media?parent=5918"}],"curies":[{"name":"wp","href":"https:\/\/api.w.org\/{rel}","templated":true}]}}