{"id":5900,"date":"2020-10-01T12:13:29","date_gmt":"2020-10-01T12:13:29","guid":{"rendered":"http:\/\/www.zeynagroup.com\/?page_id=5900"},"modified":"2020-10-01T12:17:07","modified_gmt":"2020-10-01T12:17:07","slug":"susamli-galeta-2","status":"publish","type":"page","link":"https:\/\/zeynaunlumamuller.com\/tr\/susamli-galeta-2\/","title":{"rendered":"SUSAMLI GALETA"},"content":{"rendered":"\t\t<div data-elementor-type=\"wp-page\" data-elementor-id=\"5900\" class=\"elementor elementor-5900\">\n\t\t\t\t\t\t<section class=\"elementor-section elementor-top-section elementor-element elementor-element-53d29ee elementor-section-height-min-height elementor-reverse-tablet elementor-reverse-mobile animated-fast elementor-section-boxed elementor-section-height-default elementor-section-items-middle\" data-id=\"53d29ee\" data-element_type=\"section\" data-e-type=\"section\" data-settings=\"{&quot;animation&quot;:&quot;none&quot;}\">\n\t\t\t\t\t\t\t<div class=\"elementor-background-overlay\"><\/div>\n\t\t\t\t\t\t\t<div class=\"elementor-container elementor-column-gap-extended\">\n\t\t\t\t\t<div class=\"elementor-column elementor-col-100 elementor-top-column elementor-element elementor-element-40a2f7e\" data-id=\"40a2f7e\" data-element_type=\"column\" data-e-type=\"column\">\n\t\t\t<div class=\"elementor-widget-wrap elementor-element-populated\">\n\t\t\t\t\t\t<div class=\"elementor-element elementor-element-c4d767a elementor-widget elementor-widget-image\" data-id=\"c4d767a\" data-element_type=\"widget\" data-e-type=\"widget\" data-widget_type=\"image.default\">\n\t\t\t\t<div class=\"elementor-widget-container\">\n\t\t\t\t\t\t\t\t\t\t\t\t\t\t\t<img fetchpriority=\"high\" decoding=\"async\" width=\"1024\" height=\"683\" src=\"https:\/\/zeynaunlumamuller.com\/wp-content\/uploads\/2020\/03\/DSC_5885-1024x683.jpg\" class=\"attachment-large size-large wp-image-3728\" alt=\"\" srcset=\"https:\/\/zeynaunlumamuller.com\/wp-content\/uploads\/2020\/03\/DSC_5885-1024x683.jpg 1024w, https:\/\/zeynaunlumamuller.com\/wp-content\/uploads\/2020\/03\/DSC_5885-300x200.jpg 300w, https:\/\/zeynaunlumamuller.com\/wp-content\/uploads\/2020\/03\/DSC_5885-768x512.jpg 768w\" sizes=\"(max-width: 1024px) 100vw, 1024px\" \/>\t\t\t\t\t\t\t\t\t\t\t\t\t\t\t<\/div>\n\t\t\t\t<\/div>\n\t\t\t\t<div class=\"elementor-element elementor-element-3ab6777 elementor-widget elementor-widget-heading\" data-id=\"3ab6777\" data-element_type=\"widget\" data-e-type=\"widget\" data-widget_type=\"heading.default\">\n\t\t\t\t<div class=\"elementor-widget-container\">\n\t\t\t\t\t<h2 class=\"elementor-heading-title elementor-size-large\">SUSAMLI GALETA<\/h2>\t\t\t\t<\/div>\n\t\t\t\t<\/div>\n\t\t\t\t<div class=\"elementor-element elementor-element-fc86f80 elementor-widget elementor-widget-text-editor\" data-id=\"fc86f80\" data-element_type=\"widget\" data-e-type=\"widget\" data-widget_type=\"text-editor.default\">\n\t\t\t\t<div class=\"elementor-widget-container\">\n\t\t\t\t\t\t\t\t\t<h4>Zeyna Group; susaml\u0131 \u00e7\u0131t\u0131r \u00e7\u0131t\u0131r ve sa\u011fl\u0131kl\u0131 at\u0131\u015ft\u0131rmal\u0131k olarak sizlere \u00e7ay galetas\u0131 sunuyor.<\/h4><h4>\u00d6l\u00e7\u00fc birimi: PO\u015eET <br \/>A\u011f\u0131rl\u0131\u011f\u0131: 200 G <br \/>Ambalaj : Barkodlu g\u0131daya uygun bir po\u015fet i\u00e7inde paketlenmi\u015ftir.<\/h4>\t\t\t\t\t\t\t\t<\/div>\n\t\t\t\t<\/div>\n\t\t\t\t\t<\/div>\n\t\t<\/div>\n\t\t\t\t\t<\/div>\n\t\t<\/section>\n\t\t\t\t<\/div>\n\t\t","protected":false},"excerpt":{"rendered":"<p>SUSAMLI GALETA Zeyna Group; susaml\u0131 \u00e7\u0131t\u0131r \u00e7\u0131t\u0131r ve sa\u011fl\u0131kl\u0131 at\u0131\u015ft\u0131rmal\u0131k olarak sizlere \u00e7ay galetas\u0131 sunuyor. \u00d6l\u00e7\u00fc birimi: PO\u015eET A\u011f\u0131rl\u0131\u011f\u0131: 200 G Ambalaj : Barkodlu g\u0131daya uygun bir po\u015fet i\u00e7inde paketlenmi\u015ftir.<\/p>\n","protected":false},"author":2,"featured_media":0,"parent":0,"menu_order":0,"comment_status":"closed","ping_status":"closed","template":"","meta":{"footnotes":""},"class_list":["post-5900","page","type-page","status-publish","hentry"],"_links":{"self":[{"href":"https:\/\/zeynaunlumamuller.com\/tr\/wp-json\/wp\/v2\/pages\/5900","targetHints":{"allow":["GET"]}}],"collection":[{"href":"https:\/\/zeynaunlumamuller.com\/tr\/wp-json\/wp\/v2\/pages"}],"about":[{"href":"https:\/\/zeynaunlumamuller.com\/tr\/wp-json\/wp\/v2\/types\/page"}],"author":[{"embeddable":true,"href":"https:\/\/zeynaunlumamuller.com\/tr\/wp-json\/wp\/v2\/users\/2"}],"replies":[{"embeddable":true,"href":"https:\/\/zeynaunlumamuller.com\/tr\/wp-json\/wp\/v2\/comments?post=5900"}],"version-history":[{"count":0,"href":"https:\/\/zeynaunlumamuller.com\/tr\/wp-json\/wp\/v2\/pages\/5900\/revisions"}],"wp:attachment":[{"href":"https:\/\/zeynaunlumamuller.com\/tr\/wp-json\/wp\/v2\/media?parent=5900"}],"curies":[{"name":"wp","href":"https:\/\/api.w.org\/{rel}","templated":true}]}}