{"id":5883,"date":"2020-10-01T12:05:29","date_gmt":"2020-10-01T12:05:29","guid":{"rendered":"http:\/\/www.zeynagroup.com\/?page_id=5883"},"modified":"2020-10-01T12:07:22","modified_gmt":"2020-10-01T12:07:22","slug":"corek-otlu-galeta","status":"publish","type":"page","link":"https:\/\/zeynaunlumamuller.com\/tr\/corek-otlu-galeta\/","title":{"rendered":"\u00c7\u00f6rek Otlu Galeta"},"content":{"rendered":"\t\t<div data-elementor-type=\"wp-page\" data-elementor-id=\"5883\" class=\"elementor elementor-5883\">\n\t\t\t\t\t\t<section class=\"elementor-section elementor-top-section elementor-element elementor-element-5e93fa1 elementor-section-boxed elementor-section-height-default elementor-section-height-default\" data-id=\"5e93fa1\" data-element_type=\"section\" data-e-type=\"section\">\n\t\t\t\t\t\t<div class=\"elementor-container elementor-column-gap-default\">\n\t\t\t\t\t<div class=\"elementor-column elementor-col-50 elementor-top-column elementor-element elementor-element-bde3cfa\" data-id=\"bde3cfa\" data-element_type=\"column\" data-e-type=\"column\">\n\t\t\t<div class=\"elementor-widget-wrap\">\n\t\t\t\t\t\t\t<\/div>\n\t\t<\/div>\n\t\t\t\t<div class=\"elementor-column elementor-col-50 elementor-top-column elementor-element elementor-element-f8c9c43\" data-id=\"f8c9c43\" data-element_type=\"column\" data-e-type=\"column\">\n\t\t\t<div class=\"elementor-widget-wrap\">\n\t\t\t\t\t\t\t<\/div>\n\t\t<\/div>\n\t\t\t\t\t<\/div>\n\t\t<\/section>\n\t\t\t\t<section class=\"elementor-section elementor-top-section elementor-element elementor-element-817c9a6 elementor-section-height-min-height elementor-reverse-tablet elementor-reverse-mobile animated-fast elementor-section-boxed elementor-section-height-default elementor-section-items-middle\" data-id=\"817c9a6\" data-element_type=\"section\" data-e-type=\"section\" data-settings=\"{&quot;animation&quot;:&quot;none&quot;}\">\n\t\t\t\t\t\t\t<div class=\"elementor-background-overlay\"><\/div>\n\t\t\t\t\t\t\t<div class=\"elementor-container elementor-column-gap-extended\">\n\t\t\t\t\t<div class=\"elementor-column elementor-col-100 elementor-top-column elementor-element elementor-element-11e2645\" data-id=\"11e2645\" data-element_type=\"column\" data-e-type=\"column\">\n\t\t\t<div class=\"elementor-widget-wrap elementor-element-populated\">\n\t\t\t\t\t\t<div class=\"elementor-element elementor-element-6e3749f elementor-widget elementor-widget-image\" data-id=\"6e3749f\" data-element_type=\"widget\" data-e-type=\"widget\" data-widget_type=\"image.default\">\n\t\t\t\t<div class=\"elementor-widget-container\">\n\t\t\t\t\t\t\t\t\t\t\t\t\t\t\t<img fetchpriority=\"high\" decoding=\"async\" width=\"1024\" height=\"1024\" src=\"https:\/\/zeynaunlumamuller.com\/wp-content\/uploads\/2020\/08\/04-1-1024x1024.jpg\" class=\"attachment-large size-large wp-image-4249\" alt=\"\" srcset=\"https:\/\/zeynaunlumamuller.com\/wp-content\/uploads\/2020\/08\/04-1-1024x1024.jpg 1024w, https:\/\/zeynaunlumamuller.com\/wp-content\/uploads\/2020\/08\/04-1-300x300.jpg 300w, https:\/\/zeynaunlumamuller.com\/wp-content\/uploads\/2020\/08\/04-1-150x150.jpg 150w, https:\/\/zeynaunlumamuller.com\/wp-content\/uploads\/2020\/08\/04-1-768x768.jpg 768w, https:\/\/zeynaunlumamuller.com\/wp-content\/uploads\/2020\/08\/04-1-600x600.jpg 600w, https:\/\/zeynaunlumamuller.com\/wp-content\/uploads\/2020\/08\/04-1.jpg 1200w\" sizes=\"(max-width: 1024px) 100vw, 1024px\" \/>\t\t\t\t\t\t\t\t\t\t\t\t\t\t\t<\/div>\n\t\t\t\t<\/div>\n\t\t\t\t<div class=\"elementor-element elementor-element-487da06 elementor-widget elementor-widget-heading\" data-id=\"487da06\" data-element_type=\"widget\" data-e-type=\"widget\" data-widget_type=\"heading.default\">\n\t\t\t\t<div class=\"elementor-widget-container\">\n\t\t\t\t\t<h2 class=\"elementor-heading-title elementor-size-large\">\u00c7\u00f6rek Otlu Galeta<\/h2>\t\t\t\t<\/div>\n\t\t\t\t<\/div>\n\t\t\t\t<div class=\"elementor-element elementor-element-0100ea4 elementor-widget elementor-widget-text-editor\" data-id=\"0100ea4\" data-element_type=\"widget\" data-e-type=\"widget\" data-widget_type=\"text-editor.default\">\n\t\t\t\t<div class=\"elementor-widget-container\">\n\t\t\t\t\t\t\t\t\t<h4>Zeyna Group&#8217;tan lezzetli, hafif, gevrek ve sa\u011fl\u0131kl\u0131 bir at\u0131\u015ft\u0131rmal\u0131k olarak \u00e7\u00f6rek otu ile <br \/>haz\u0131rlanm\u0131\u015ft\u0131r, s\u00fct ve \u00e7ay yan\u0131nda nefis bir se\u00e7imdir.<\/h4><h4>\u00d6l\u00e7\u00fc birimi: KUTU <br \/>A\u011f\u0131rl\u0131\u011f\u0131: 400 G <br \/>Ambalaj : Barkodlu g\u0131daya uygun bir koli i\u00e7inde naylon po\u015fetle paketlenmi\u015ftir.<\/h4>\t\t\t\t\t\t\t\t<\/div>\n\t\t\t\t<\/div>\n\t\t\t\t\t<\/div>\n\t\t<\/div>\n\t\t\t\t\t<\/div>\n\t\t<\/section>\n\t\t\t\t<\/div>\n\t\t","protected":false},"excerpt":{"rendered":"<p>\u00c7\u00f6rek Otlu Galeta Zeyna Group&#8217;tan lezzetli, hafif, gevrek ve sa\u011fl\u0131kl\u0131 bir at\u0131\u015ft\u0131rmal\u0131k olarak \u00e7\u00f6rek otu ile haz\u0131rlanm\u0131\u015ft\u0131r, s\u00fct ve \u00e7ay yan\u0131nda nefis bir se\u00e7imdir. \u00d6l\u00e7\u00fc birimi: KUTU A\u011f\u0131rl\u0131\u011f\u0131: 400 G Ambalaj : Barkodlu g\u0131daya uygun bir koli i\u00e7inde naylon po\u015fetle paketlenmi\u015ftir.<\/p>\n","protected":false},"author":2,"featured_media":0,"parent":0,"menu_order":0,"comment_status":"closed","ping_status":"closed","template":"","meta":{"footnotes":""},"class_list":["post-5883","page","type-page","status-publish","hentry"],"_links":{"self":[{"href":"https:\/\/zeynaunlumamuller.com\/tr\/wp-json\/wp\/v2\/pages\/5883","targetHints":{"allow":["GET"]}}],"collection":[{"href":"https:\/\/zeynaunlumamuller.com\/tr\/wp-json\/wp\/v2\/pages"}],"about":[{"href":"https:\/\/zeynaunlumamuller.com\/tr\/wp-json\/wp\/v2\/types\/page"}],"author":[{"embeddable":true,"href":"https:\/\/zeynaunlumamuller.com\/tr\/wp-json\/wp\/v2\/users\/2"}],"replies":[{"embeddable":true,"href":"https:\/\/zeynaunlumamuller.com\/tr\/wp-json\/wp\/v2\/comments?post=5883"}],"version-history":[{"count":0,"href":"https:\/\/zeynaunlumamuller.com\/tr\/wp-json\/wp\/v2\/pages\/5883\/revisions"}],"wp:attachment":[{"href":"https:\/\/zeynaunlumamuller.com\/tr\/wp-json\/wp\/v2\/media?parent=5883"}],"curies":[{"name":"wp","href":"https:\/\/api.w.org\/{rel}","templated":true}]}}