{"id":5871,"date":"2020-10-01T11:59:44","date_gmt":"2020-10-01T11:59:44","guid":{"rendered":"http:\/\/www.zeynagroup.com\/?page_id=5871"},"modified":"2020-10-01T12:00:56","modified_gmt":"2020-10-01T12:00:56","slug":"susamli-galeta","status":"publish","type":"page","link":"https:\/\/zeynaunlumamuller.com\/tr\/susamli-galeta\/","title":{"rendered":"Susaml\u0131  Galeta"},"content":{"rendered":"\t\t<div data-elementor-type=\"wp-page\" data-elementor-id=\"5871\" class=\"elementor elementor-5871\">\n\t\t\t\t\t\t<section class=\"elementor-section elementor-top-section elementor-element elementor-element-a4aee19 elementor-section-boxed elementor-section-height-default elementor-section-height-default\" data-id=\"a4aee19\" data-element_type=\"section\" data-e-type=\"section\">\n\t\t\t\t\t\t<div class=\"elementor-container elementor-column-gap-default\">\n\t\t\t\t\t<div class=\"elementor-column elementor-col-50 elementor-top-column elementor-element elementor-element-f34e07d\" data-id=\"f34e07d\" data-element_type=\"column\" data-e-type=\"column\">\n\t\t\t<div class=\"elementor-widget-wrap\">\n\t\t\t\t\t\t\t<\/div>\n\t\t<\/div>\n\t\t\t\t<div class=\"elementor-column elementor-col-50 elementor-top-column elementor-element elementor-element-5b5aba1\" data-id=\"5b5aba1\" data-element_type=\"column\" data-e-type=\"column\">\n\t\t\t<div class=\"elementor-widget-wrap\">\n\t\t\t\t\t\t\t<\/div>\n\t\t<\/div>\n\t\t\t\t\t<\/div>\n\t\t<\/section>\n\t\t\t\t<section class=\"elementor-section elementor-top-section elementor-element elementor-element-7bbf565 elementor-section-height-min-height elementor-reverse-tablet elementor-reverse-mobile animated-fast elementor-section-boxed elementor-section-height-default elementor-section-items-middle\" data-id=\"7bbf565\" data-element_type=\"section\" data-e-type=\"section\" data-settings=\"{&quot;animation&quot;:&quot;none&quot;}\">\n\t\t\t\t\t\t\t<div class=\"elementor-background-overlay\"><\/div>\n\t\t\t\t\t\t\t<div class=\"elementor-container elementor-column-gap-extended\">\n\t\t\t\t\t<div class=\"elementor-column elementor-col-100 elementor-top-column elementor-element elementor-element-7816d3a\" data-id=\"7816d3a\" data-element_type=\"column\" data-e-type=\"column\">\n\t\t\t<div class=\"elementor-widget-wrap elementor-element-populated\">\n\t\t\t\t\t\t<div class=\"elementor-element elementor-element-ef2051d elementor-widget elementor-widget-image\" data-id=\"ef2051d\" data-element_type=\"widget\" data-e-type=\"widget\" data-widget_type=\"image.default\">\n\t\t\t\t<div class=\"elementor-widget-container\">\n\t\t\t\t\t\t\t\t\t\t\t\t\t\t\t<img fetchpriority=\"high\" decoding=\"async\" width=\"1024\" height=\"1024\" src=\"https:\/\/zeynaunlumamuller.com\/wp-content\/uploads\/2020\/08\/02-1-1024x1024.jpg\" class=\"attachment-large size-large wp-image-4243\" alt=\"\" srcset=\"https:\/\/zeynaunlumamuller.com\/wp-content\/uploads\/2020\/08\/02-1-1024x1024.jpg 1024w, https:\/\/zeynaunlumamuller.com\/wp-content\/uploads\/2020\/08\/02-1-300x300.jpg 300w, https:\/\/zeynaunlumamuller.com\/wp-content\/uploads\/2020\/08\/02-1-150x150.jpg 150w, https:\/\/zeynaunlumamuller.com\/wp-content\/uploads\/2020\/08\/02-1-768x768.jpg 768w, https:\/\/zeynaunlumamuller.com\/wp-content\/uploads\/2020\/08\/02-1-600x600.jpg 600w, https:\/\/zeynaunlumamuller.com\/wp-content\/uploads\/2020\/08\/02-1.jpg 1200w\" sizes=\"(max-width: 1024px) 100vw, 1024px\" \/>\t\t\t\t\t\t\t\t\t\t\t\t\t\t\t<\/div>\n\t\t\t\t<\/div>\n\t\t\t\t<div class=\"elementor-element elementor-element-1699c90 elementor-widget elementor-widget-heading\" data-id=\"1699c90\" data-element_type=\"widget\" data-e-type=\"widget\" data-widget_type=\"heading.default\">\n\t\t\t\t<div class=\"elementor-widget-container\">\n\t\t\t\t\t<h2 class=\"elementor-heading-title elementor-size-large\">Susaml\u0131  Galeta <\/h2>\t\t\t\t<\/div>\n\t\t\t\t<\/div>\n\t\t\t\t<div class=\"elementor-element elementor-element-90d948d elementor-widget elementor-widget-text-editor\" data-id=\"90d948d\" data-element_type=\"widget\" data-e-type=\"widget\" data-widget_type=\"text-editor.default\">\n\t\t\t\t<div class=\"elementor-widget-container\">\n\t\t\t\t\t\t\t\t\t<h4>Susaml\u0131 \u00e7ay galetas\u0131 , gevrek dokusu ve lezzetli tad\u0131 ile her zaman t\u00fcketilebilecek bir at\u0131\u015ft\u0131rmal\u0131kt\u0131r.<\/h4><h4>\u00d6l\u00e7\u00fc birimi: KUTU <br \/>A\u011f\u0131rl\u0131\u011f\u0131: 400 G <br \/>Ambalaj : Barkodlu g\u0131daya uygun bir koli i\u00e7inde naylon po\u015fetle paketlenmi\u015ftir.<\/h4>\t\t\t\t\t\t\t\t<\/div>\n\t\t\t\t<\/div>\n\t\t\t\t\t<\/div>\n\t\t<\/div>\n\t\t\t\t\t<\/div>\n\t\t<\/section>\n\t\t\t\t<\/div>\n\t\t","protected":false},"excerpt":{"rendered":"<p>Susaml\u0131 Galeta Susaml\u0131 \u00e7ay galetas\u0131 , gevrek dokusu ve lezzetli tad\u0131 ile her zaman t\u00fcketilebilecek bir at\u0131\u015ft\u0131rmal\u0131kt\u0131r. \u00d6l\u00e7\u00fc birimi: KUTU A\u011f\u0131rl\u0131\u011f\u0131: 400 G Ambalaj : Barkodlu g\u0131daya uygun bir koli i\u00e7inde naylon po\u015fetle paketlenmi\u015ftir.<\/p>\n","protected":false},"author":2,"featured_media":0,"parent":0,"menu_order":0,"comment_status":"closed","ping_status":"closed","template":"","meta":{"footnotes":""},"class_list":["post-5871","page","type-page","status-publish","hentry"],"_links":{"self":[{"href":"https:\/\/zeynaunlumamuller.com\/tr\/wp-json\/wp\/v2\/pages\/5871","targetHints":{"allow":["GET"]}}],"collection":[{"href":"https:\/\/zeynaunlumamuller.com\/tr\/wp-json\/wp\/v2\/pages"}],"about":[{"href":"https:\/\/zeynaunlumamuller.com\/tr\/wp-json\/wp\/v2\/types\/page"}],"author":[{"embeddable":true,"href":"https:\/\/zeynaunlumamuller.com\/tr\/wp-json\/wp\/v2\/users\/2"}],"replies":[{"embeddable":true,"href":"https:\/\/zeynaunlumamuller.com\/tr\/wp-json\/wp\/v2\/comments?post=5871"}],"version-history":[{"count":0,"href":"https:\/\/zeynaunlumamuller.com\/tr\/wp-json\/wp\/v2\/pages\/5871\/revisions"}],"wp:attachment":[{"href":"https:\/\/zeynaunlumamuller.com\/tr\/wp-json\/wp\/v2\/media?parent=5871"}],"curies":[{"name":"wp","href":"https:\/\/api.w.org\/{rel}","templated":true}]}}