{"id":5840,"date":"2020-10-01T11:42:44","date_gmt":"2020-10-01T11:42:44","guid":{"rendered":"http:\/\/www.zeynagroup.com\/?page_id=5840"},"modified":"2020-10-03T11:14:11","modified_gmt":"2020-10-03T11:14:11","slug":"susamli-sandvic-ekmegi","status":"publish","type":"page","link":"https:\/\/zeynaunlumamuller.com\/tr\/susamli-sandvic-ekmegi\/","title":{"rendered":"SUSAMLI SANDV\u0130\u00c7 EKME\u011e\u0130"},"content":{"rendered":"\t\t<div data-elementor-type=\"wp-page\" data-elementor-id=\"5840\" class=\"elementor elementor-5840\">\n\t\t\t\t\t\t<section class=\"elementor-section elementor-top-section elementor-element elementor-element-bd231fc elementor-section-height-min-height elementor-reverse-tablet elementor-reverse-mobile animated-fast elementor-section-boxed elementor-section-height-default elementor-section-items-middle\" data-id=\"bd231fc\" data-element_type=\"section\" data-e-type=\"section\" data-settings=\"{&quot;animation&quot;:&quot;none&quot;}\">\n\t\t\t\t\t\t\t<div class=\"elementor-background-overlay\"><\/div>\n\t\t\t\t\t\t\t<div class=\"elementor-container elementor-column-gap-extended\">\n\t\t\t\t\t<div class=\"elementor-column elementor-col-100 elementor-top-column elementor-element elementor-element-769e29a\" data-id=\"769e29a\" data-element_type=\"column\" data-e-type=\"column\">\n\t\t\t<div class=\"elementor-widget-wrap elementor-element-populated\">\n\t\t\t\t\t\t<div class=\"elementor-element elementor-element-07978f9 elementor-widget elementor-widget-image\" data-id=\"07978f9\" data-element_type=\"widget\" data-e-type=\"widget\" data-widget_type=\"image.default\">\n\t\t\t\t<div class=\"elementor-widget-container\">\n\t\t\t\t\t\t\t\t\t\t\t\t\t\t\t<img fetchpriority=\"high\" decoding=\"async\" width=\"1024\" height=\"568\" src=\"https:\/\/zeynaunlumamuller.com\/wp-content\/uploads\/2018\/10\/zeynagroup_2561-1024x568.jpg\" class=\"attachment-large size-large wp-image-2430\" alt=\"\" srcset=\"https:\/\/zeynaunlumamuller.com\/wp-content\/uploads\/2018\/10\/zeynagroup_2561-1024x568.jpg 1024w, https:\/\/zeynaunlumamuller.com\/wp-content\/uploads\/2018\/10\/zeynagroup_2561-300x166.jpg 300w, https:\/\/zeynaunlumamuller.com\/wp-content\/uploads\/2018\/10\/zeynagroup_2561-768x426.jpg 768w, https:\/\/zeynaunlumamuller.com\/wp-content\/uploads\/2018\/10\/zeynagroup_2561.jpg 1411w\" sizes=\"(max-width: 1024px) 100vw, 1024px\" \/>\t\t\t\t\t\t\t\t\t\t\t\t\t\t\t<\/div>\n\t\t\t\t<\/div>\n\t\t\t\t<div class=\"elementor-element elementor-element-c9817f7 elementor-widget elementor-widget-heading\" data-id=\"c9817f7\" data-element_type=\"widget\" data-e-type=\"widget\" data-widget_type=\"heading.default\">\n\t\t\t\t<div class=\"elementor-widget-container\">\n\t\t\t\t\t<h2 class=\"elementor-heading-title elementor-size-large\">Susaml\u0131 Sandvi\u00e7 Ekme\u011fi<\/h2>\t\t\t\t<\/div>\n\t\t\t\t<\/div>\n\t\t\t\t<div class=\"elementor-element elementor-element-277db1d elementor-widget elementor-widget-text-editor\" data-id=\"277db1d\" data-element_type=\"widget\" data-e-type=\"widget\" data-widget_type=\"text-editor.default\">\n\t\t\t\t<div class=\"elementor-widget-container\">\n\t\t\t\t\t\t\t\t\t<h4><br \/>\u00dcniversite \u00f6\u011frencileri, okullar ve \u00e7al\u0131\u015fanlar i\u00e7in her sabah kahvalt\u0131 i\u00e7in m\u00fckemmel bir se\u00e7imdir.<br \/>\u00d6l\u00e7\u00fc birimi: ADET<br \/>A\u011f\u0131rl\u0131\u011f\u0131: 110 G<br \/>Ambalaj : Barkodlu g\u0131daya uygun bir po\u015fet i\u00e7inde paketlenmi\u015ftir.<\/h4>\t\t\t\t\t\t\t\t<\/div>\n\t\t\t\t<\/div>\n\t\t\t\t\t<\/div>\n\t\t<\/div>\n\t\t\t\t\t<\/div>\n\t\t<\/section>\n\t\t\t\t<\/div>\n\t\t","protected":false},"excerpt":{"rendered":"<p>Susaml\u0131 Sandvi\u00e7 Ekme\u011fi \u00dcniversite \u00f6\u011frencileri, okullar ve \u00e7al\u0131\u015fanlar i\u00e7in her sabah kahvalt\u0131 i\u00e7in m\u00fckemmel bir se\u00e7imdir.\u00d6l\u00e7\u00fc birimi: ADETA\u011f\u0131rl\u0131\u011f\u0131: 110 GAmbalaj : Barkodlu g\u0131daya uygun bir po\u015fet i\u00e7inde paketlenmi\u015ftir.<\/p>\n","protected":false},"author":2,"featured_media":0,"parent":0,"menu_order":0,"comment_status":"closed","ping_status":"closed","template":"","meta":{"footnotes":""},"class_list":["post-5840","page","type-page","status-publish","hentry"],"_links":{"self":[{"href":"https:\/\/zeynaunlumamuller.com\/tr\/wp-json\/wp\/v2\/pages\/5840","targetHints":{"allow":["GET"]}}],"collection":[{"href":"https:\/\/zeynaunlumamuller.com\/tr\/wp-json\/wp\/v2\/pages"}],"about":[{"href":"https:\/\/zeynaunlumamuller.com\/tr\/wp-json\/wp\/v2\/types\/page"}],"author":[{"embeddable":true,"href":"https:\/\/zeynaunlumamuller.com\/tr\/wp-json\/wp\/v2\/users\/2"}],"replies":[{"embeddable":true,"href":"https:\/\/zeynaunlumamuller.com\/tr\/wp-json\/wp\/v2\/comments?post=5840"}],"version-history":[{"count":0,"href":"https:\/\/zeynaunlumamuller.com\/tr\/wp-json\/wp\/v2\/pages\/5840\/revisions"}],"wp:attachment":[{"href":"https:\/\/zeynaunlumamuller.com\/tr\/wp-json\/wp\/v2\/media?parent=5840"}],"curies":[{"name":"wp","href":"https:\/\/api.w.org\/{rel}","templated":true}]}}