{"id":5783,"date":"2020-10-01T11:15:26","date_gmt":"2020-10-01T11:15:26","guid":{"rendered":"http:\/\/www.zeynagroup.com\/?page_id=5783"},"modified":"2020-10-01T11:16:54","modified_gmt":"2020-10-01T11:16:54","slug":"cikolatali-kruvasan","status":"publish","type":"page","link":"https:\/\/zeynaunlumamuller.com\/tr\/cikolatali-kruvasan\/","title":{"rendered":"\u00c7\u0130KOLATALI KRUVASAN"},"content":{"rendered":"\t\t<div data-elementor-type=\"wp-page\" data-elementor-id=\"5783\" class=\"elementor elementor-5783\">\n\t\t\t\t\t\t<section class=\"elementor-section elementor-top-section elementor-element elementor-element-23c657e elementor-section-height-min-height elementor-reverse-tablet elementor-reverse-mobile animated-fast elementor-section-boxed elementor-section-height-default elementor-section-items-middle\" data-id=\"23c657e\" data-element_type=\"section\" data-e-type=\"section\" data-settings=\"{&quot;animation&quot;:&quot;none&quot;}\">\n\t\t\t\t\t\t\t<div class=\"elementor-background-overlay\"><\/div>\n\t\t\t\t\t\t\t<div class=\"elementor-container elementor-column-gap-extended\">\n\t\t\t\t\t<div class=\"elementor-column elementor-col-100 elementor-top-column elementor-element elementor-element-4add50c\" data-id=\"4add50c\" data-element_type=\"column\" data-e-type=\"column\">\n\t\t\t<div class=\"elementor-widget-wrap elementor-element-populated\">\n\t\t\t\t\t\t<div class=\"elementor-element elementor-element-518c9e7 elementor-widget elementor-widget-image\" data-id=\"518c9e7\" data-element_type=\"widget\" data-e-type=\"widget\" data-widget_type=\"image.default\">\n\t\t\t\t<div class=\"elementor-widget-container\">\n\t\t\t\t\t\t\t\t\t\t\t\t\t\t\t<img fetchpriority=\"high\" decoding=\"async\" width=\"1024\" height=\"683\" src=\"https:\/\/zeynaunlumamuller.com\/wp-content\/uploads\/2018\/10\/03zeynagroup-1024x683.jpg\" class=\"attachment-large size-large wp-image-2140\" alt=\"\" srcset=\"https:\/\/zeynaunlumamuller.com\/wp-content\/uploads\/2018\/10\/03zeynagroup-1024x683.jpg 1024w, https:\/\/zeynaunlumamuller.com\/wp-content\/uploads\/2018\/10\/03zeynagroup-300x200.jpg 300w, https:\/\/zeynaunlumamuller.com\/wp-content\/uploads\/2018\/10\/03zeynagroup-768x512.jpg 768w, https:\/\/zeynaunlumamuller.com\/wp-content\/uploads\/2018\/10\/03zeynagroup-800x533.jpg 800w, https:\/\/zeynaunlumamuller.com\/wp-content\/uploads\/2018\/10\/03zeynagroup-600x400.jpg 600w, https:\/\/zeynaunlumamuller.com\/wp-content\/uploads\/2018\/10\/03zeynagroup.jpg 1440w\" sizes=\"(max-width: 1024px) 100vw, 1024px\" \/>\t\t\t\t\t\t\t\t\t\t\t\t\t\t\t<\/div>\n\t\t\t\t<\/div>\n\t\t\t\t<div class=\"elementor-element elementor-element-19bac00 elementor-widget elementor-widget-heading\" data-id=\"19bac00\" data-element_type=\"widget\" data-e-type=\"widget\" data-widget_type=\"heading.default\">\n\t\t\t\t<div class=\"elementor-widget-container\">\n\t\t\t\t\t<h2 class=\"elementor-heading-title elementor-size-large\">\u00c7ikolatal\u0131  Kruvasan \n<\/h2>\t\t\t\t<\/div>\n\t\t\t\t<\/div>\n\t\t\t\t<div class=\"elementor-element elementor-element-298956c elementor-widget elementor-widget-text-editor\" data-id=\"298956c\" data-element_type=\"widget\" data-e-type=\"widget\" data-widget_type=\"text-editor.default\">\n\t\t\t\t<div class=\"elementor-widget-container\">\n\t\t\t\t\t\t\t\t\t<h4>Kruvasan\u0131n i\u00e7indeki zengin ve lezzetli \u00e7ikolatan\u0131n tad\u0131n\u0131 \u00e7\u0131kar\u0131n. Zeyna kruvasan\u0131 hayat\u0131n\u0131za \u00e7ok \u015fey katacak.<\/h4><h4>\u00d6l\u00e7\u00fc birimi: ADET <br \/>A\u011f\u0131rl\u0131\u011f\u0131: 120 G <br \/>Ambalaj : Barkodlu g\u0131daya uygun bir po\u015fet i\u00e7inde paketlenmi\u015ftir.<\/h4>\t\t\t\t\t\t\t\t<\/div>\n\t\t\t\t<\/div>\n\t\t\t\t\t<\/div>\n\t\t<\/div>\n\t\t\t\t\t<\/div>\n\t\t<\/section>\n\t\t\t\t<\/div>\n\t\t","protected":false},"excerpt":{"rendered":"<p>\u00c7ikolatal\u0131 Kruvasan Kruvasan\u0131n i\u00e7indeki zengin ve lezzetli \u00e7ikolatan\u0131n tad\u0131n\u0131 \u00e7\u0131kar\u0131n. Zeyna kruvasan\u0131 hayat\u0131n\u0131za \u00e7ok \u015fey katacak. \u00d6l\u00e7\u00fc birimi: ADET A\u011f\u0131rl\u0131\u011f\u0131: 120 G Ambalaj : Barkodlu g\u0131daya uygun bir po\u015fet i\u00e7inde paketlenmi\u015ftir.<\/p>\n","protected":false},"author":2,"featured_media":0,"parent":0,"menu_order":0,"comment_status":"closed","ping_status":"closed","template":"","meta":{"footnotes":""},"class_list":["post-5783","page","type-page","status-publish","hentry"],"_links":{"self":[{"href":"https:\/\/zeynaunlumamuller.com\/tr\/wp-json\/wp\/v2\/pages\/5783","targetHints":{"allow":["GET"]}}],"collection":[{"href":"https:\/\/zeynaunlumamuller.com\/tr\/wp-json\/wp\/v2\/pages"}],"about":[{"href":"https:\/\/zeynaunlumamuller.com\/tr\/wp-json\/wp\/v2\/types\/page"}],"author":[{"embeddable":true,"href":"https:\/\/zeynaunlumamuller.com\/tr\/wp-json\/wp\/v2\/users\/2"}],"replies":[{"embeddable":true,"href":"https:\/\/zeynaunlumamuller.com\/tr\/wp-json\/wp\/v2\/comments?post=5783"}],"version-history":[{"count":0,"href":"https:\/\/zeynaunlumamuller.com\/tr\/wp-json\/wp\/v2\/pages\/5783\/revisions"}],"wp:attachment":[{"href":"https:\/\/zeynaunlumamuller.com\/tr\/wp-json\/wp\/v2\/media?parent=5783"}],"curies":[{"name":"wp","href":"https:\/\/api.w.org\/{rel}","templated":true}]}}