{"id":5777,"date":"2020-10-01T11:13:26","date_gmt":"2020-10-01T11:13:26","guid":{"rendered":"http:\/\/www.zeynagroup.com\/?page_id=5777"},"modified":"2020-10-01T11:14:31","modified_gmt":"2020-10-01T11:14:31","slug":"peynirli-kruvasan","status":"publish","type":"page","link":"https:\/\/zeynaunlumamuller.com\/tr\/peynirli-kruvasan\/","title":{"rendered":"PEYN\u0130RL\u0130 KRUVASAN"},"content":{"rendered":"\t\t<div data-elementor-type=\"wp-page\" data-elementor-id=\"5777\" class=\"elementor elementor-5777\">\n\t\t\t\t\t\t<section class=\"elementor-section elementor-top-section elementor-element elementor-element-fdf2503 elementor-section-height-min-height elementor-reverse-tablet elementor-reverse-mobile animated-fast elementor-section-boxed elementor-section-height-default elementor-section-items-middle\" data-id=\"fdf2503\" data-element_type=\"section\" data-e-type=\"section\" data-settings=\"{&quot;animation&quot;:&quot;none&quot;}\">\n\t\t\t\t\t\t\t<div class=\"elementor-background-overlay\"><\/div>\n\t\t\t\t\t\t\t<div class=\"elementor-container elementor-column-gap-extended\">\n\t\t\t\t\t<div class=\"elementor-column elementor-col-100 elementor-top-column elementor-element elementor-element-daedcab\" data-id=\"daedcab\" data-element_type=\"column\" data-e-type=\"column\">\n\t\t\t<div class=\"elementor-widget-wrap elementor-element-populated\">\n\t\t\t\t\t\t<div class=\"elementor-element elementor-element-e7063f8 elementor-widget elementor-widget-image\" data-id=\"e7063f8\" data-element_type=\"widget\" data-e-type=\"widget\" data-widget_type=\"image.default\">\n\t\t\t\t<div class=\"elementor-widget-container\">\n\t\t\t\t\t\t\t\t\t\t\t\t\t\t\t<img fetchpriority=\"high\" decoding=\"async\" width=\"1024\" height=\"616\" src=\"https:\/\/zeynaunlumamuller.com\/wp-content\/uploads\/2018\/10\/zeynagroup_1122-1024x616.jpg\" class=\"attachment-large size-large wp-image-2418\" alt=\"\" srcset=\"https:\/\/zeynaunlumamuller.com\/wp-content\/uploads\/2018\/10\/zeynagroup_1122-1024x616.jpg 1024w, https:\/\/zeynaunlumamuller.com\/wp-content\/uploads\/2018\/10\/zeynagroup_1122-300x180.jpg 300w, https:\/\/zeynaunlumamuller.com\/wp-content\/uploads\/2018\/10\/zeynagroup_1122-768x462.jpg 768w, https:\/\/zeynaunlumamuller.com\/wp-content\/uploads\/2018\/10\/zeynagroup_1122.jpg 1440w\" sizes=\"(max-width: 1024px) 100vw, 1024px\" \/>\t\t\t\t\t\t\t\t\t\t\t\t\t\t\t<\/div>\n\t\t\t\t<\/div>\n\t\t\t\t<div class=\"elementor-element elementor-element-c39c45f elementor-widget elementor-widget-heading\" data-id=\"c39c45f\" data-element_type=\"widget\" data-e-type=\"widget\" data-widget_type=\"heading.default\">\n\t\t\t\t<div class=\"elementor-widget-container\">\n\t\t\t\t\t<h2 class=\"elementor-heading-title elementor-size-large\">PEYN\u0130RL\u0130 KRUVASAN<\/h2>\t\t\t\t<\/div>\n\t\t\t\t<\/div>\n\t\t\t\t<div class=\"elementor-element elementor-element-0688384 elementor-widget elementor-widget-text-editor\" data-id=\"0688384\" data-element_type=\"widget\" data-e-type=\"widget\" data-widget_type=\"text-editor.default\">\n\t\t\t\t<div class=\"elementor-widget-container\">\n\t\t\t\t\t\t\t\t\t<h4><br \/>Lezzetli bir kahvalt\u0131 i\u00e7in, peynir ve \u00e7\u00f6rek otu ile kruvasan &#8230; Her g\u00fcn i\u00e7in klasik bir se\u00e7imdir.<\/h4><h4>\u00d6l\u00e7\u00fc birimi: ADET <br \/>A\u011f\u0131rl\u0131\u011f\u0131: 120 G <br \/>Ambalaj : Barkodlu g\u0131daya uygun bir po\u015fet i\u00e7inde paketlenmi\u015ftir.<\/h4>\t\t\t\t\t\t\t\t<\/div>\n\t\t\t\t<\/div>\n\t\t\t\t\t<\/div>\n\t\t<\/div>\n\t\t\t\t\t<\/div>\n\t\t<\/section>\n\t\t\t\t<\/div>\n\t\t","protected":false},"excerpt":{"rendered":"<p>PEYN\u0130RL\u0130 KRUVASAN Lezzetli bir kahvalt\u0131 i\u00e7in, peynir ve \u00e7\u00f6rek otu ile kruvasan &#8230; Her g\u00fcn i\u00e7in klasik bir se\u00e7imdir. \u00d6l\u00e7\u00fc birimi: ADET A\u011f\u0131rl\u0131\u011f\u0131: 120 G Ambalaj : Barkodlu g\u0131daya uygun bir po\u015fet i\u00e7inde paketlenmi\u015ftir.<\/p>\n","protected":false},"author":2,"featured_media":0,"parent":0,"menu_order":0,"comment_status":"closed","ping_status":"closed","template":"","meta":{"footnotes":""},"class_list":["post-5777","page","type-page","status-publish","hentry"],"_links":{"self":[{"href":"https:\/\/zeynaunlumamuller.com\/tr\/wp-json\/wp\/v2\/pages\/5777","targetHints":{"allow":["GET"]}}],"collection":[{"href":"https:\/\/zeynaunlumamuller.com\/tr\/wp-json\/wp\/v2\/pages"}],"about":[{"href":"https:\/\/zeynaunlumamuller.com\/tr\/wp-json\/wp\/v2\/types\/page"}],"author":[{"embeddable":true,"href":"https:\/\/zeynaunlumamuller.com\/tr\/wp-json\/wp\/v2\/users\/2"}],"replies":[{"embeddable":true,"href":"https:\/\/zeynaunlumamuller.com\/tr\/wp-json\/wp\/v2\/comments?post=5777"}],"version-history":[{"count":0,"href":"https:\/\/zeynaunlumamuller.com\/tr\/wp-json\/wp\/v2\/pages\/5777\/revisions"}],"wp:attachment":[{"href":"https:\/\/zeynaunlumamuller.com\/tr\/wp-json\/wp\/v2\/media?parent=5777"}],"curies":[{"name":"wp","href":"https:\/\/api.w.org\/{rel}","templated":true}]}}