{"id":5749,"date":"2020-10-01T10:56:15","date_gmt":"2020-10-01T10:56:15","guid":{"rendered":"http:\/\/www.zeynagroup.com\/?page_id=5749"},"modified":"2020-10-01T10:57:19","modified_gmt":"2020-10-01T10:57:19","slug":"misir-ekmegi","status":"publish","type":"page","link":"https:\/\/zeynaunlumamuller.com\/tr\/misir-ekmegi\/","title":{"rendered":"MISIR EKME\u011e\u0130"},"content":{"rendered":"\t\t<div data-elementor-type=\"wp-page\" data-elementor-id=\"5749\" class=\"elementor elementor-5749\">\n\t\t\t\t\t\t<section class=\"elementor-section elementor-top-section elementor-element elementor-element-d191ccc elementor-section-height-min-height elementor-reverse-tablet elementor-reverse-mobile animated-fast elementor-section-boxed elementor-section-height-default elementor-section-items-middle\" data-id=\"d191ccc\" data-element_type=\"section\" data-e-type=\"section\" data-settings=\"{&quot;animation&quot;:&quot;none&quot;}\">\n\t\t\t\t\t\t\t<div class=\"elementor-background-overlay\"><\/div>\n\t\t\t\t\t\t\t<div class=\"elementor-container elementor-column-gap-extended\">\n\t\t\t\t\t<div class=\"elementor-column elementor-col-100 elementor-top-column elementor-element elementor-element-86f36c3\" data-id=\"86f36c3\" data-element_type=\"column\" data-e-type=\"column\">\n\t\t\t<div class=\"elementor-widget-wrap elementor-element-populated\">\n\t\t\t\t\t\t<div class=\"elementor-element elementor-element-1f36ea9 elementor-widget elementor-widget-image\" data-id=\"1f36ea9\" data-element_type=\"widget\" data-e-type=\"widget\" data-widget_type=\"image.default\">\n\t\t\t\t<div class=\"elementor-widget-container\">\n\t\t\t\t\t\t\t\t\t\t\t\t\t\t\t<img fetchpriority=\"high\" decoding=\"async\" width=\"720\" height=\"720\" src=\"https:\/\/zeynaunlumamuller.com\/wp-content\/uploads\/2018\/10\/01-zeynagroup2.jpg\" class=\"attachment-large size-large wp-image-2405\" alt=\"\" srcset=\"https:\/\/zeynaunlumamuller.com\/wp-content\/uploads\/2018\/10\/01-zeynagroup2.jpg 720w, https:\/\/zeynaunlumamuller.com\/wp-content\/uploads\/2018\/10\/01-zeynagroup2-150x150.jpg 150w, https:\/\/zeynaunlumamuller.com\/wp-content\/uploads\/2018\/10\/01-zeynagroup2-300x300.jpg 300w, https:\/\/zeynaunlumamuller.com\/wp-content\/uploads\/2018\/10\/01-zeynagroup2-600x600.jpg 600w\" sizes=\"(max-width: 720px) 100vw, 720px\" \/>\t\t\t\t\t\t\t\t\t\t\t\t\t\t\t<\/div>\n\t\t\t\t<\/div>\n\t\t\t\t<div class=\"elementor-element elementor-element-32da015 elementor-widget elementor-widget-heading\" data-id=\"32da015\" data-element_type=\"widget\" data-e-type=\"widget\" data-widget_type=\"heading.default\">\n\t\t\t\t<div class=\"elementor-widget-container\">\n\t\t\t\t\t<h2 class=\"elementor-heading-title elementor-size-large\">MISIR EKME\u011e\u0130<\/h2>\t\t\t\t<\/div>\n\t\t\t\t<\/div>\n\t\t\t\t<div class=\"elementor-element elementor-element-5f3518e elementor-widget elementor-widget-text-editor\" data-id=\"5f3518e\" data-element_type=\"widget\" data-e-type=\"widget\" data-widget_type=\"text-editor.default\">\n\t\t\t\t<div class=\"elementor-widget-container\">\n\t\t\t\t\t\t\t\t\t<h4>M\u0131s\u0131r deneyimleri ve \u00f6z geleneksel tarif olarak M\u0131s\u0131r ekme\u011fi, lezzetli g\u00f6r\u00fcn\u00fcm\u00fc ve yumu\u015fak hamuruyla \u00f6zellikle M\u0131s\u0131r damak tad\u0131na ve genel olarak Arap damak tad\u0131na uygun olarak haz\u0131rlanmaktad\u0131r.<\/h4><h4>\u00d6l\u00e7\u00fc birimi: PO\u015eET <br \/>A\u011f\u0131rl\u0131\u011f\u0131: 450 G <br \/>Ambalaj : Barkodlu g\u0131daya uygun bir po\u015fet i\u00e7inde paketlenmi\u015ftir.<\/h4>\t\t\t\t\t\t\t\t<\/div>\n\t\t\t\t<\/div>\n\t\t\t\t\t<\/div>\n\t\t<\/div>\n\t\t\t\t\t<\/div>\n\t\t<\/section>\n\t\t\t\t<\/div>\n\t\t","protected":false},"excerpt":{"rendered":"<p>MISIR EKME\u011e\u0130 M\u0131s\u0131r deneyimleri ve \u00f6z geleneksel tarif olarak M\u0131s\u0131r ekme\u011fi, lezzetli g\u00f6r\u00fcn\u00fcm\u00fc ve yumu\u015fak hamuruyla \u00f6zellikle M\u0131s\u0131r damak tad\u0131na ve genel olarak Arap damak tad\u0131na uygun olarak haz\u0131rlanmaktad\u0131r. \u00d6l\u00e7\u00fc birimi: PO\u015eET A\u011f\u0131rl\u0131\u011f\u0131: 450 G Ambalaj : Barkodlu g\u0131daya uygun bir po\u015fet i\u00e7inde paketlenmi\u015ftir.<\/p>\n","protected":false},"author":2,"featured_media":0,"parent":0,"menu_order":0,"comment_status":"closed","ping_status":"closed","template":"","meta":{"footnotes":""},"class_list":["post-5749","page","type-page","status-publish","hentry"],"_links":{"self":[{"href":"https:\/\/zeynaunlumamuller.com\/tr\/wp-json\/wp\/v2\/pages\/5749","targetHints":{"allow":["GET"]}}],"collection":[{"href":"https:\/\/zeynaunlumamuller.com\/tr\/wp-json\/wp\/v2\/pages"}],"about":[{"href":"https:\/\/zeynaunlumamuller.com\/tr\/wp-json\/wp\/v2\/types\/page"}],"author":[{"embeddable":true,"href":"https:\/\/zeynaunlumamuller.com\/tr\/wp-json\/wp\/v2\/users\/2"}],"replies":[{"embeddable":true,"href":"https:\/\/zeynaunlumamuller.com\/tr\/wp-json\/wp\/v2\/comments?post=5749"}],"version-history":[{"count":0,"href":"https:\/\/zeynaunlumamuller.com\/tr\/wp-json\/wp\/v2\/pages\/5749\/revisions"}],"wp:attachment":[{"href":"https:\/\/zeynaunlumamuller.com\/tr\/wp-json\/wp\/v2\/media?parent=5749"}],"curies":[{"name":"wp","href":"https:\/\/api.w.org\/{rel}","templated":true}]}}