{"id":5743,"date":"2020-10-01T10:53:54","date_gmt":"2020-10-01T10:53:54","guid":{"rendered":"http:\/\/www.zeynagroup.com\/?page_id=5743"},"modified":"2020-10-01T10:55:12","modified_gmt":"2020-10-01T10:55:12","slug":"kepekli-pita","status":"publish","type":"page","link":"https:\/\/zeynaunlumamuller.com\/tr\/kepekli-pita\/","title":{"rendered":"KEPEKL\u0130 P\u0130TA"},"content":{"rendered":"\t\t<div data-elementor-type=\"wp-page\" data-elementor-id=\"5743\" class=\"elementor elementor-5743\">\n\t\t\t\t\t\t<section class=\"elementor-section elementor-top-section elementor-element elementor-element-ab82b72 elementor-section-height-min-height elementor-reverse-tablet elementor-reverse-mobile animated-fast elementor-section-boxed elementor-section-height-default elementor-section-items-middle\" data-id=\"ab82b72\" data-element_type=\"section\" data-e-type=\"section\" data-settings=\"{&quot;animation&quot;:&quot;none&quot;}\">\n\t\t\t\t\t\t\t<div class=\"elementor-background-overlay\"><\/div>\n\t\t\t\t\t\t\t<div class=\"elementor-container elementor-column-gap-extended\">\n\t\t\t\t\t<div class=\"elementor-column elementor-col-100 elementor-top-column elementor-element elementor-element-16cc08f\" data-id=\"16cc08f\" data-element_type=\"column\" data-e-type=\"column\">\n\t\t\t<div class=\"elementor-widget-wrap elementor-element-populated\">\n\t\t\t\t\t\t<div class=\"elementor-element elementor-element-b8de1a0 elementor-widget elementor-widget-image\" data-id=\"b8de1a0\" data-element_type=\"widget\" data-e-type=\"widget\" data-widget_type=\"image.default\">\n\t\t\t\t<div class=\"elementor-widget-container\">\n\t\t\t\t\t\t\t\t\t\t\t\t\t\t\t<img fetchpriority=\"high\" decoding=\"async\" width=\"1024\" height=\"1024\" src=\"https:\/\/zeynaunlumamuller.com\/wp-content\/uploads\/2020\/08\/75-1024x1024.jpg\" class=\"attachment-large size-large wp-image-4780\" alt=\"\" srcset=\"https:\/\/zeynaunlumamuller.com\/wp-content\/uploads\/2020\/08\/75-1024x1024.jpg 1024w, https:\/\/zeynaunlumamuller.com\/wp-content\/uploads\/2020\/08\/75-300x300.jpg 300w, https:\/\/zeynaunlumamuller.com\/wp-content\/uploads\/2020\/08\/75-150x150.jpg 150w, https:\/\/zeynaunlumamuller.com\/wp-content\/uploads\/2020\/08\/75-768x768.jpg 768w, https:\/\/zeynaunlumamuller.com\/wp-content\/uploads\/2020\/08\/75-600x600.jpg 600w, https:\/\/zeynaunlumamuller.com\/wp-content\/uploads\/2020\/08\/75.jpg 1200w\" sizes=\"(max-width: 1024px) 100vw, 1024px\" \/>\t\t\t\t\t\t\t\t\t\t\t\t\t\t\t<\/div>\n\t\t\t\t<\/div>\n\t\t\t\t<div class=\"elementor-element elementor-element-6dd1998 elementor-widget elementor-widget-heading\" data-id=\"6dd1998\" data-element_type=\"widget\" data-e-type=\"widget\" data-widget_type=\"heading.default\">\n\t\t\t\t<div class=\"elementor-widget-container\">\n\t\t\t\t\t<h2 class=\"elementor-heading-title elementor-size-large\">KEPEKL\u0130 P\u0130TA<\/h2>\t\t\t\t<\/div>\n\t\t\t\t<\/div>\n\t\t\t\t<div class=\"elementor-element elementor-element-515ab90 elementor-widget elementor-widget-text-editor\" data-id=\"515ab90\" data-element_type=\"widget\" data-e-type=\"widget\" data-widget_type=\"text-editor.default\">\n\t\t\t\t<div class=\"elementor-widget-container\">\n\t\t\t\t\t\t\t\t\t<h4>Kepekli ekme\u011fin en \u00f6nemli \u00f6zelli\u011fi \u015fekersiz olarak \u00fcretilmi\u015f olmas\u0131d\u0131r. Besin de\u011feri a\u00e7\u0131s\u0131ndan protein yan\u0131nda lif, kabuktaki mineraller, antioksidanlar ve vitaminler bak\u0131m\u0131ndan da zengindir. Tam bu\u011fday unundan \u00fcretilir, az kalori i\u00e7erir ve \u015feker hastalar\u0131 i\u00e7in uygundur.<\/h4><h4>\u00d6l\u00e7\u00fc birimi: PO\u015eET<br \/>A\u011f\u0131rl\u0131\u011f\u0131: 350 G <br \/>Ambalaj : Barkodlu g\u0131daya uygun bir po\u015fet i\u00e7inde paketlenmi\u015ftir.<\/h4>\t\t\t\t\t\t\t\t<\/div>\n\t\t\t\t<\/div>\n\t\t\t\t\t<\/div>\n\t\t<\/div>\n\t\t\t\t\t<\/div>\n\t\t<\/section>\n\t\t\t\t<\/div>\n\t\t","protected":false},"excerpt":{"rendered":"<p>KEPEKL\u0130 P\u0130TA Kepekli ekme\u011fin en \u00f6nemli \u00f6zelli\u011fi \u015fekersiz olarak \u00fcretilmi\u015f olmas\u0131d\u0131r. Besin de\u011feri a\u00e7\u0131s\u0131ndan protein yan\u0131nda lif, kabuktaki mineraller, antioksidanlar ve vitaminler bak\u0131m\u0131ndan da zengindir. Tam bu\u011fday unundan \u00fcretilir, az kalori i\u00e7erir ve \u015feker hastalar\u0131 i\u00e7in uygundur. \u00d6l\u00e7\u00fc birimi: PO\u015eETA\u011f\u0131rl\u0131\u011f\u0131: 350 G Ambalaj : Barkodlu g\u0131daya uygun bir po\u015fet i\u00e7inde paketlenmi\u015ftir.<\/p>\n","protected":false},"author":2,"featured_media":0,"parent":0,"menu_order":0,"comment_status":"closed","ping_status":"closed","template":"","meta":{"footnotes":""},"class_list":["post-5743","page","type-page","status-publish","hentry"],"_links":{"self":[{"href":"https:\/\/zeynaunlumamuller.com\/tr\/wp-json\/wp\/v2\/pages\/5743","targetHints":{"allow":["GET"]}}],"collection":[{"href":"https:\/\/zeynaunlumamuller.com\/tr\/wp-json\/wp\/v2\/pages"}],"about":[{"href":"https:\/\/zeynaunlumamuller.com\/tr\/wp-json\/wp\/v2\/types\/page"}],"author":[{"embeddable":true,"href":"https:\/\/zeynaunlumamuller.com\/tr\/wp-json\/wp\/v2\/users\/2"}],"replies":[{"embeddable":true,"href":"https:\/\/zeynaunlumamuller.com\/tr\/wp-json\/wp\/v2\/comments?post=5743"}],"version-history":[{"count":0,"href":"https:\/\/zeynaunlumamuller.com\/tr\/wp-json\/wp\/v2\/pages\/5743\/revisions"}],"wp:attachment":[{"href":"https:\/\/zeynaunlumamuller.com\/tr\/wp-json\/wp\/v2\/media?parent=5743"}],"curies":[{"name":"wp","href":"https:\/\/api.w.org\/{rel}","templated":true}]}}