{"id":5676,"date":"2020-09-28T15:31:07","date_gmt":"2020-09-28T15:31:07","guid":{"rendered":"http:\/\/www.zeynagroup.com\/?page_id=5676"},"modified":"2020-10-03T13:39:07","modified_gmt":"2020-10-03T13:39:07","slug":"iletisim","status":"publish","type":"page","link":"https:\/\/zeynaunlumamuller.com\/tr\/iletisim\/","title":{"rendered":"\u0130LET\u0130\u015e\u0130M"},"content":{"rendered":"<div class=\"wpb-content-wrapper\">\t\t<div data-elementor-type=\"wp-page\" data-elementor-id=\"5676\" class=\"elementor elementor-5676\">\n\t\t\t\t\t\t<section class=\"elementor-section elementor-top-section elementor-element elementor-element-3ecc81a0 elementor-section-boxed elementor-section-height-default elementor-section-height-default\" data-id=\"3ecc81a0\" data-element_type=\"section\" data-e-type=\"section\">\n\t\t\t\t\t\t<div class=\"elementor-container elementor-column-gap-default\">\n\t\t\t\t\t<div class=\"elementor-column elementor-col-100 elementor-top-column elementor-element elementor-element-2a28dbff\" data-id=\"2a28dbff\" data-element_type=\"column\" data-e-type=\"column\">\n\t\t\t<div class=\"elementor-widget-wrap elementor-element-populated\">\n\t\t\t\t\t\t<div class=\"elementor-element elementor-element-3350d6cb elementor-widget elementor-widget-text-editor\" data-id=\"3350d6cb\" data-element_type=\"widget\" data-e-type=\"widget\" data-widget_type=\"text-editor.default\">\n\t\t\t\t<div class=\"elementor-widget-container\">\n\t\t\t\t\t\t\t\t\t<p>[vc_section content_layout=&#8221;full&#8221; animation_delay=&#8221;&#8221; disable=&#8221;&#8221; id=&#8221;&#8221; class=&#8221;&#8221; bg_type=&#8221;image&#8221; bg_image=&#8221;&#8221; color_overlay=&#8221;&#8221; enable_parallax=&#8221;&#8221; enable_pattern=&#8221;&#8221;][vc_row content_layout=&#8221;boxed&#8221; equal_height=&#8221;&#8221; animation_delay=&#8221;&#8221; disable=&#8221;&#8221; id=&#8221;&#8221; class=&#8221;&#8221; bg_type=&#8221;image&#8221; bg_image=&#8221;&#8221; color_overlay=&#8221;&#8221; enable_parallax=&#8221;&#8221; enable_pattern=&#8221;&#8221;][vc_column layout=&#8221;normal&#8221; vertical_align=&#8221;auto&#8221; animation_delay=&#8221;&#8221; width=&#8221;1\/4&#8243;]\t\t\t<div class=\"vu_icon-box vu_ib-size-small vu_ib-position-top vu_ib-style-circle-fill vu_ib-color-primary clearfix \">\n\t\t\t\t\n\t\t\t\t<span class=\"vu_ib-icon\"><i class=\"fa fa-phone\"><\/i><\/span>\n\n\t\t\t\t\t\t\t\t\t<div class=\"vu_ib-content\">\n\t\t\t\t\t\t<h5 class=\"vu_ib-title\">HEMEN ARA<\/h5>\t\t\t\t\t\t<div class=\"vu_ib-description\"><p>+90 212 \u2013 654 24 05<\/p>\n<\/div>\n\t\t\t\t\t\t\t\t\t\t\t<\/div>\n\t\t\t\t\t\t\t<\/div>\n\t\t[\/vc_column][vc_column layout=&#8221;normal&#8221; vertical_align=&#8221;auto&#8221; animation_delay=&#8221;&#8221; width=&#8221;1\/4&#8243;]\t\t\t<div class=\"vu_icon-box vu_ib-size-small vu_ib-position-top vu_ib-style-circle-fill vu_ib-color-primary clearfix \">\n\t\t\t\t\n\t\t\t\t<span class=\"vu_ib-icon\"><i class=\"fa fa-map-marker\"><\/i><\/span>\n\n\t\t\t\t\t\t\t\t\t<div class=\"vu_ib-content\">\n\t\t\t\t\t\t<h5 class=\"vu_ib-title\">KONUM<\/h5>\t\t\t\t\t\t<div class=\"vu_ib-description\"><p>121. Sk. No:26 Nam\u0131k Kemal 34513 Beylikd\u00fcz\u00fc Osb\/Esenyurt\/\u0130stanbul Turkey<\/p>\n<\/div>\n\t\t\t\t\t\t\t\t\t\t\t<\/div>\n\t\t\t\t\t\t\t<\/div>\n\t\t[\/vc_column][vc_column layout=&#8221;normal&#8221; vertical_align=&#8221;auto&#8221; animation_delay=&#8221;&#8221; width=&#8221;1\/4&#8243;]\t\t\t<div class=\"vu_icon-box vu_ib-size-small vu_ib-position-top vu_ib-style-circle-fill vu_ib-color-primary clearfix \">\n\t\t\t\t\n\t\t\t\t<span class=\"vu_ib-icon\"><i class=\"fa fa-envelope\"><\/i><\/span>\n\n\t\t\t\t\t\t\t\t\t<div class=\"vu_ib-content\">\n\t\t\t\t\t\t<h5 class=\"vu_ib-title\">e-POSTA<\/h5>\t\t\t\t\t\t<div class=\"vu_ib-description\"><p>info@zeynagroup.com<\/p>\n<\/div>\n\t\t\t\t\t\t\t\t\t\t\t<\/div>\n\t\t\t\t\t\t\t<\/div>\n\t\t[\/vc_column][vc_column layout=&#8221;normal&#8221; vertical_align=&#8221;auto&#8221; animation_delay=&#8221;&#8221; width=&#8221;1\/4&#8243;]\t\t\t<div class=\"vu_icon-box vu_ib-size-small vu_ib-position-top vu_ib-style-circle-fill vu_ib-color-primary clearfix \">\n\t\t\t\t\n\t\t\t\t<span class=\"vu_ib-icon\"><i class=\"fa fa-clock-o\"><\/i><\/span>\n\n\t\t\t\t\t\t\t\t\t<div class=\"vu_ib-content\">\n\t\t\t\t\t\t<h5 class=\"vu_ib-title\">\u00c7ALI\u015eMA SAATLER\u0130<\/h5>\t\t\t\t\t\t<div class=\"vu_ib-description\"><p>HER G\u00dcN: 8:00 &#8211; 16:00<\/p>\n<\/div>\n\t\t\t\t\t\t\t\t\t\t\t<\/div>\n\t\t\t\t\t\t\t<\/div>\n\t\t<br \/>[\/vc_column][\/vc_row][\/vc_section][vc_section content_layout=&#8221;full&#8221; animation_delay=&#8221;&#8221; disable=&#8221;&#8221; id=&#8221;&#8221; class=&#8221;&#8221; bg_type=&#8221;image&#8221; bg_image=&#8221;&#8221; color_overlay=&#8221;&#8221; enable_parallax=&#8221;&#8221; enable_pattern=&#8221;&#8221;][vc_row content_layout=&#8221;boxed&#8221; equal_height=&#8221;&#8221; animation_delay=&#8221;&#8221; disable=&#8221;&#8221; id=&#8221;&#8221; class=&#8221;&#8221; bg_type=&#8221;image&#8221; bg_image=&#8221;&#8221; color_overlay=&#8221;&#8221; enable_parallax=&#8221;&#8221; enable_pattern=&#8221;&#8221; css=&#8221;.vc_custom_1509712501357{margin-bottom: 50px !important;}&#8221;][vc_column layout=&#8221;normal&#8221; vertical_align=&#8221;auto&#8221; animation_delay=&#8221;&#8221; width=&#8221;1\/6&#8243;][\/vc_column][vc_column layout=&#8221;normal&#8221; vertical_align=&#8221;auto&#8221; animation_delay=&#8221;&#8221; width=&#8221;2\/3&#8243;]\t\t<header class=\"vu_heading vu_h-style-1 vu_h-alignment-center\">\n\t\t\t\n\t\t\t<h2 class=\"vu_h-heading\"><span>B\u0130ZE MESAJ BIRAK<\/span><\/h2>\n\n\t\t\t\t\t\t\t<div class=\"vu_h-subheading\">\n\t\t\t\t\t<p>B\u0130Z\u0130MLE \u0130LET\u0130\u015e\u0130ME GE\u00c7T\u0130\u011e\u0130N\u0130Z \u0130\u00c7\u0130N TE\u015eEKK\u00dcR EDER\u0130Z.<\/p>\n\t\t\t\t<\/div>\n\t\t\t\t\t<\/header>\n\t\t\t<div class=\"vu_contact-form-7 vu_cf7-style-inverse clearfix \">\n\t\t\t\n\t\t\t\n<div class=\"wpcf7 no-js\" id=\"wpcf7-f598-o1\" lang=\"en-US\" dir=\"ltr\" data-wpcf7-id=\"598\">\n<div class=\"screen-reader-response\"><p role=\"status\" aria-live=\"polite\" aria-atomic=\"true\"><\/p> <ul><\/ul><\/div>\n<form action=\"\/tr\/wp-json\/wp\/v2\/pages\/5676#wpcf7-f598-o1\" method=\"post\" class=\"wpcf7-form init vu_cf7-frm\" aria-label=\"Contact form\" novalidate=\"novalidate\" data-status=\"init\">\n<fieldset class=\"hidden-fields-container\"><input type=\"hidden\" name=\"_wpcf7\" value=\"598\" \/><input type=\"hidden\" name=\"_wpcf7_version\" value=\"6.1.5\" \/><input type=\"hidden\" name=\"_wpcf7_locale\" value=\"en_US\" \/><input type=\"hidden\" name=\"_wpcf7_unit_tag\" value=\"wpcf7-f598-o1\" \/><input type=\"hidden\" name=\"_wpcf7_container_post\" value=\"0\" \/><input type=\"hidden\" name=\"_wpcf7_posted_data_hash\" value=\"\" \/>\n<\/fieldset>\n<div class=\"row\">\n\t<div class=\"col-xs-12 m-b-15\">\n\t\t<p><span class=\"wpcf7-form-control-wrap\" data-name=\"your-name\"><input size=\"40\" maxlength=\"400\" class=\"wpcf7-form-control wpcf7-text wpcf7-validates-as-required form-control m-b-5\" aria-required=\"true\" aria-invalid=\"false\" placeholder=\"Name\" value=\"\" type=\"text\" name=\"your-name\" \/><\/span>\n\t\t<\/p>\n\t<\/div>\n<\/div>\n<div class=\"row\">\n\t<div class=\"col-xs-12 m-b-15\">\n\t\t<p><span class=\"wpcf7-form-control-wrap\" data-name=\"phone\"><input size=\"40\" maxlength=\"400\" class=\"wpcf7-form-control wpcf7-tel wpcf7-validates-as-required wpcf7-text wpcf7-validates-as-tel form-control m-b-5\" aria-required=\"true\" aria-invalid=\"false\" placeholder=\"Phone\" value=\"\" type=\"tel\" name=\"phone\" \/><\/span>\n\t\t<\/p>\n\t<\/div>\n<\/div>\n<div class=\"row\">\n\t<div class=\"col-xs-12 m-b-15\">\n\t\t<p><span class=\"wpcf7-form-control-wrap\" data-name=\"email\"><input size=\"40\" maxlength=\"400\" class=\"wpcf7-form-control wpcf7-email wpcf7-validates-as-required wpcf7-text wpcf7-validates-as-email form-control m-b-5\" aria-required=\"true\" aria-invalid=\"false\" placeholder=\"Email\" value=\"\" type=\"email\" name=\"email\" \/><\/span>\n\t\t<\/p>\n\t<\/div>\n<\/div>\n<div class=\"row\">\n\t<div class=\"col-xs-12 m-b-15\">\n\t\t<p><span class=\"wpcf7-form-control-wrap\" data-name=\"message\"><textarea cols=\"40\" rows=\"6\" maxlength=\"2000\" class=\"wpcf7-form-control wpcf7-textarea wpcf7-validates-as-required form-control m-b-5\" aria-required=\"true\" aria-invalid=\"false\" placeholder=\"Message\" name=\"message\"><\/textarea><\/span>\n\t\t<\/p>\n\t<\/div>\n<\/div>\n<div class=\"row\">\n\t<div class=\"col-xs-12 text-center vu_ajax-loader-in-btn\">\n\t\t<p><input class=\"wpcf7-form-control wpcf7-submit has-spinner btn btn-primary btn-md btn-inverse\" type=\"submit\" value=\"SEND MESSAGE\" \/>\n\t\t<\/p>\n\t<\/div>\n<\/div><p style=\"display: none !important;\" class=\"akismet-fields-container\" data-prefix=\"_wpcf7_ak_\"><label>&#916;<textarea name=\"_wpcf7_ak_hp_textarea\" cols=\"45\" rows=\"8\" maxlength=\"100\"><\/textarea><\/label><input type=\"hidden\" id=\"ak_js_1\" name=\"_wpcf7_ak_js\" value=\"2\"\/><script>document.getElementById( \"ak_js_1\" ).setAttribute( \"value\", ( new Date() ).getTime() );<\/script><\/p><div class=\"wpcf7-response-output\" aria-hidden=\"true\"><\/div>\n<\/form>\n<\/div>\n\t\t<\/div>\n\t[\/vc_column][vc_column layout=&#8221;normal&#8221; vertical_align=&#8221;auto&#8221; animation_delay=&#8221;&#8221; width=&#8221;1\/6&#8243;][\/vc_column][\/vc_row][\/vc_section]<\/p>\t\t\t\t\t\t\t\t<\/div>\n\t\t\t\t<\/div>\n\t\t\t\t\t<\/div>\n\t\t<\/div>\n\t\t\t\t\t<\/div>\n\t\t<\/section>\n\t\t\t\t<section class=\"elementor-section elementor-top-section elementor-element elementor-element-6f5e6423 elementor-section-full_width elementor-section-stretched elementor-section-height-default elementor-section-height-default\" data-id=\"6f5e6423\" data-element_type=\"section\" data-e-type=\"section\" data-settings=\"{&quot;stretch_section&quot;:&quot;section-stretched&quot;}\">\n\t\t\t\t\t\t<div class=\"elementor-container elementor-column-gap-no\">\n\t\t\t\t\t<div class=\"elementor-column elementor-col-100 elementor-top-column elementor-element elementor-element-233e5fba\" data-id=\"233e5fba\" data-element_type=\"column\" data-e-type=\"column\">\n\t\t\t<div class=\"elementor-widget-wrap elementor-element-populated\">\n\t\t\t\t\t\t<div class=\"elementor-element elementor-element-2b3c8986 elementor-widget elementor-widget-google_maps\" data-id=\"2b3c8986\" data-element_type=\"widget\" data-e-type=\"widget\" data-widget_type=\"google_maps.default\">\n\t\t\t\t<div class=\"elementor-widget-container\">\n\t\t\t\t\t\t\t<div class=\"elementor-custom-embed\">\n\t\t\t<iframe loading=\"lazy\"\n\t\t\t\t\tsrc=\"https:\/\/maps.google.com\/maps?q=zeynagroup%20121.%20Sk.%20No%3A26%20Nam%C4%B1k%20Kemal%2034513%20Beylikd%C3%BCz%C3%BC%20Osb%2FEsenyurt%2F%C4%B0stanbul%20Turkey&#038;t=m&#038;z=13&#038;output=embed&#038;iwloc=near\"\n\t\t\t\t\ttitle=\"zeynagroup 121. Sk. No:26 Nam\u0131k Kemal 34513 Beylikd\u00fcz\u00fc Osb\/Esenyurt\/\u0130stanbul Turkey\"\n\t\t\t\t\taria-label=\"zeynagroup 121. Sk. No:26 Nam\u0131k Kemal 34513 Beylikd\u00fcz\u00fc Osb\/Esenyurt\/\u0130stanbul Turkey\"\n\t\t\t><\/iframe>\n\t\t<\/div>\n\t\t\t\t\t\t<\/div>\n\t\t\t\t<\/div>\n\t\t\t\t<div class=\"elementor-element elementor-element-1c084d9f elementor-widget elementor-widget-heading\" data-id=\"1c084d9f\" data-element_type=\"widget\" data-e-type=\"widget\" data-widget_type=\"heading.default\">\n\t\t\t\t<div class=\"elementor-widget-container\">\n\t\t\t\t\t<h3 class=\"elementor-heading-title elementor-size-large\">B\u0130ZE ULA\u015eIN<\/h3>\t\t\t\t<\/div>\n\t\t\t\t<\/div>\n\t\t\t\t<div class=\"elementor-element elementor-element-783db6e0 elementor-widget-divider--view-line elementor-widget elementor-widget-divider\" data-id=\"783db6e0\" data-element_type=\"widget\" data-e-type=\"widget\" data-widget_type=\"divider.default\">\n\t\t\t\t<div class=\"elementor-widget-container\">\n\t\t\t\t\t\t\t<div class=\"elementor-divider\">\n\t\t\t<span class=\"elementor-divider-separator\">\n\t\t\t\t\t\t<\/span>\n\t\t<\/div>\n\t\t\t\t\t\t<\/div>\n\t\t\t\t<\/div>\n\t\t\t\t<div class=\"elementor-element elementor-element-25fc65a7 elementor-align-center elementor-mobile-align-center elementor-icon-list--layout-traditional elementor-list-item-link-full_width elementor-widget elementor-widget-icon-list\" data-id=\"25fc65a7\" data-element_type=\"widget\" data-e-type=\"widget\" data-widget_type=\"icon-list.default\">\n\t\t\t\t<div class=\"elementor-widget-container\">\n\t\t\t\t\t\t\t<ul class=\"elementor-icon-list-items\">\n\t\t\t\t\t\t\t<li class=\"elementor-icon-list-item\">\n\t\t\t\t\t\t\t\t\t\t\t<span class=\"elementor-icon-list-icon\">\n\t\t\t\t\t\t\t\t\t\t\t\t\t<\/span>\n\t\t\t\t\t\t\t\t\t\t<span class=\"elementor-icon-list-text\">121. Sk. No:26 Nam\u0131k Kemal 34513 Beylikd\u00fcz\u00fc Osb\/Esenyurt\/\u0130stanbul Turkey<\/span>\n\t\t\t\t\t\t\t\t\t<\/li>\n\t\t\t\t\t\t\t\t<li class=\"elementor-icon-list-item\">\n\t\t\t\t\t\t\t\t\t\t\t<span class=\"elementor-icon-list-icon\">\n\t\t\t\t\t\t\t<i aria-hidden=\"true\" class=\"fas fa-envelope-square\"><\/i>\t\t\t\t\t\t<\/span>\n\t\t\t\t\t\t\t\t\t\t<span class=\"elementor-icon-list-text\">info@zeynagroup.com<\/span>\n\t\t\t\t\t\t\t\t\t<\/li>\n\t\t\t\t\t\t\t\t<li class=\"elementor-icon-list-item\">\n\t\t\t\t\t\t\t\t\t\t\t<span class=\"elementor-icon-list-icon\">\n\t\t\t\t\t\t\t<i aria-hidden=\"true\" class=\"fas fa-phone-square\"><\/i>\t\t\t\t\t\t<\/span>\n\t\t\t\t\t\t\t\t\t\t<span class=\"elementor-icon-list-text\">+90 (212) 654 24 05<\/span>\n\t\t\t\t\t\t\t\t\t<\/li>\n\t\t\t\t\t\t<\/ul>\n\t\t\t\t\t\t<\/div>\n\t\t\t\t<\/div>\n\t\t\t\t<div class=\"elementor-element elementor-element-3055d8a7 elementor-widget-divider--view-line elementor-widget elementor-widget-divider\" data-id=\"3055d8a7\" data-element_type=\"widget\" data-e-type=\"widget\" data-widget_type=\"divider.default\">\n\t\t\t\t<div class=\"elementor-widget-container\">\n\t\t\t\t\t\t\t<div class=\"elementor-divider\">\n\t\t\t<span class=\"elementor-divider-separator\">\n\t\t\t\t\t\t<\/span>\n\t\t<\/div>\n\t\t\t\t\t\t<\/div>\n\t\t\t\t<\/div>\n\t\t\t\t\t<\/div>\n\t\t<\/div>\n\t\t\t\t\t<\/div>\n\t\t<\/section>\n\t\t\t\t<section class=\"elementor-section elementor-top-section elementor-element elementor-element-73791949 elementor-section-content-top elementor-section-boxed elementor-section-height-default elementor-section-height-default\" data-id=\"73791949\" data-element_type=\"section\" data-e-type=\"section\">\n\t\t\t\t\t\t<div class=\"elementor-container elementor-column-gap-no\">\n\t\t\t\t\t<div class=\"elementor-column elementor-col-100 elementor-top-column elementor-element elementor-element-3a4c74e2\" data-id=\"3a4c74e2\" data-element_type=\"column\" data-e-type=\"column\">\n\t\t\t<div class=\"elementor-widget-wrap elementor-element-populated\">\n\t\t\t\t\t\t<div class=\"elementor-element elementor-element-1196d0fe elementor-shape-circle e-grid-align-right e-grid-align-tablet-right elementor-grid-0 elementor-widget elementor-widget-social-icons\" data-id=\"1196d0fe\" data-element_type=\"widget\" data-e-type=\"widget\" data-widget_type=\"social-icons.default\">\n\t\t\t\t<div class=\"elementor-widget-container\">\n\t\t\t\t\t\t\t<div class=\"elementor-social-icons-wrapper elementor-grid\" role=\"list\">\n\t\t\t\t\t\t\t<span class=\"elementor-grid-item\" role=\"listitem\">\n\t\t\t\t\t<a class=\"elementor-icon elementor-social-icon elementor-social-icon-facebook-f elementor-animation-push elementor-repeater-item-oj9fk8m\" href=\"https:\/\/www.facebook.com\/zeyna.wooden.house\/\" target=\"_blank\">\n\t\t\t\t\t\t<span class=\"elementor-screen-only\">Facebook-f<\/span>\n\t\t\t\t\t\t<i aria-hidden=\"true\" class=\"fab fa-facebook-f\"><\/i>\t\t\t\t\t<\/a>\n\t\t\t\t<\/span>\n\t\t\t\t\t\t\t<span class=\"elementor-grid-item\" role=\"listitem\">\n\t\t\t\t\t<a class=\"elementor-icon elementor-social-icon elementor-social-icon-instagram elementor-animation-push elementor-repeater-item-759501f\" href=\"https:\/\/www.instagram.com\/zeynaunlumamuller\/\" target=\"_blank\">\n\t\t\t\t\t\t<span class=\"elementor-screen-only\">Instagram<\/span>\n\t\t\t\t\t\t<i aria-hidden=\"true\" class=\"fab fa-instagram\"><\/i>\t\t\t\t\t<\/a>\n\t\t\t\t<\/span>\n\t\t\t\t\t\t\t<span class=\"elementor-grid-item\" role=\"listitem\">\n\t\t\t\t\t<a class=\"elementor-icon elementor-social-icon elementor-social-icon-youtube elementor-animation-push elementor-repeater-item-2a21870\" href=\"https:\/\/www.youtube.com\/channel\/UCTsXc8jr4I_8j-ibSz9yFMw\" target=\"_blank\">\n\t\t\t\t\t\t<span class=\"elementor-screen-only\">Youtube<\/span>\n\t\t\t\t\t\t<i aria-hidden=\"true\" class=\"fab fa-youtube\"><\/i>\t\t\t\t\t<\/a>\n\t\t\t\t<\/span>\n\t\t\t\t\t\t\t<span class=\"elementor-grid-item\" role=\"listitem\">\n\t\t\t\t\t<a class=\"elementor-icon elementor-social-icon elementor-social-icon-whatsapp elementor-animation-push elementor-repeater-item-bd66ded\" href=\"https:\/\/wa.link\/2kch1f\" target=\"_blank\">\n\t\t\t\t\t\t<span class=\"elementor-screen-only\">Whatsapp<\/span>\n\t\t\t\t\t\t<i aria-hidden=\"true\" class=\"fab fa-whatsapp\"><\/i>\t\t\t\t\t<\/a>\n\t\t\t\t<\/span>\n\t\t\t\t\t\t\t<span class=\"elementor-grid-item\" role=\"listitem\">\n\t\t\t\t\t<a class=\"elementor-icon elementor-social-icon elementor-social-icon-twitter elementor-animation-push elementor-repeater-item-74c9fe9\" href=\"https:\/\/twitter.com\/zeynaunlumamull\" target=\"_blank\">\n\t\t\t\t\t\t<span class=\"elementor-screen-only\">Twitter<\/span>\n\t\t\t\t\t\t<i aria-hidden=\"true\" class=\"fab fa-twitter\"><\/i>\t\t\t\t\t<\/a>\n\t\t\t\t<\/span>\n\t\t\t\t\t\t\t<span class=\"elementor-grid-item\" role=\"listitem\">\n\t\t\t\t\t<a class=\"elementor-icon elementor-social-icon elementor-social-icon-envelope elementor-animation-push elementor-repeater-item-aq66v58\" href=\"http:\/\/www.zeynagroup.com\/contact\/\" target=\"_blank\">\n\t\t\t\t\t\t<span class=\"elementor-screen-only\">Envelope<\/span>\n\t\t\t\t\t\t<i aria-hidden=\"true\" class=\"fas fa-envelope\"><\/i>\t\t\t\t\t<\/a>\n\t\t\t\t<\/span>\n\t\t\t\t\t<\/div>\n\t\t\t\t\t\t<\/div>\n\t\t\t\t<\/div>\n\t\t\t\t\t<\/div>\n\t\t<\/div>\n\t\t\t\t\t<\/div>\n\t\t<\/section>\n\t\t\t\t<\/div>\n\t\t<\/div>","protected":false},"excerpt":{"rendered":"<p>[vc_section content_layout=&#8221;full&#8221; animation_delay=&#8221;&#8221; disable=&#8221;&#8221; id=&#8221;&#8221; bg_type=&#8221;image&#8221; bg_image=&#8221;&#8221; color_overlay=&#8221;&#8221; enable_parallax=&#8221;&#8221; enable_pattern=&#8221;&#8221;][vc_row content_layout=&#8221;boxed&#8221; equal_height=&#8221;&#8221; animation_delay=&#8221;&#8221; disable=&#8221;&#8221; id=&#8221;&#8221; bg_type=&#8221;image&#8221; bg_image=&#8221;&#8221; color_overlay=&#8221;&#8221; enable_parallax=&#8221;&#8221; enable_pattern=&#8221;&#8221;][vc_column layout=&#8221;normal&#8221; vertical_align=&#8221;auto&#8221; animation_delay=&#8221;&#8221; width=&#8221;1\/4&#8243;][\/vc_column][vc_column layout=&#8221;normal&#8221; vertical_align=&#8221;auto&#8221; animation_delay=&#8221;&#8221; width=&#8221;1\/4&#8243;][\/vc_column][vc_column layout=&#8221;normal&#8221; vertical_align=&#8221;auto&#8221; animation_delay=&#8221;&#8221; width=&#8221;1\/4&#8243;][\/vc_column][vc_column layout=&#8221;normal&#8221; vertical_align=&#8221;auto&#8221; animation_delay=&#8221;&#8221; width=&#8221;1\/4&#8243;][\/vc_column][\/vc_row][\/vc_section][vc_section content_layout=&#8221;full&#8221; animation_delay=&#8221;&#8221; disable=&#8221;&#8221; id=&#8221;&#8221; bg_type=&#8221;image&#8221; bg_image=&#8221;&#8221; color_overlay=&#8221;&#8221; enable_parallax=&#8221;&#8221; enable_pattern=&#8221;&#8221;][vc_row content_layout=&#8221;boxed&#8221; equal_height=&#8221;&#8221; animation_delay=&#8221;&#8221; disable=&#8221;&#8221; id=&#8221;&#8221; bg_type=&#8221;image&#8221; bg_image=&#8221;&#8221; color_overlay=&#8221;&#8221; enable_parallax=&#8221;&#8221; enable_pattern=&#8221;&#8221; [&hellip;]<\/p>\n","protected":false},"author":2,"featured_media":0,"parent":0,"menu_order":0,"comment_status":"closed","ping_status":"closed","template":"","meta":{"footnotes":""},"class_list":["post-5676","page","type-page","status-publish","hentry"],"_links":{"self":[{"href":"https:\/\/zeynaunlumamuller.com\/tr\/wp-json\/wp\/v2\/pages\/5676","targetHints":{"allow":["GET"]}}],"collection":[{"href":"https:\/\/zeynaunlumamuller.com\/tr\/wp-json\/wp\/v2\/pages"}],"about":[{"href":"https:\/\/zeynaunlumamuller.com\/tr\/wp-json\/wp\/v2\/types\/page"}],"author":[{"embeddable":true,"href":"https:\/\/zeynaunlumamuller.com\/tr\/wp-json\/wp\/v2\/users\/2"}],"replies":[{"embeddable":true,"href":"https:\/\/zeynaunlumamuller.com\/tr\/wp-json\/wp\/v2\/comments?post=5676"}],"version-history":[{"count":0,"href":"https:\/\/zeynaunlumamuller.com\/tr\/wp-json\/wp\/v2\/pages\/5676\/revisions"}],"wp:attachment":[{"href":"https:\/\/zeynaunlumamuller.com\/tr\/wp-json\/wp\/v2\/media?parent=5676"}],"curies":[{"name":"wp","href":"https:\/\/api.w.org\/{rel}","templated":true}]}}