{"id":5668,"date":"2020-09-28T15:25:49","date_gmt":"2020-09-28T15:25:49","guid":{"rendered":"http:\/\/www.zeynagroup.com\/?page_id=5668"},"modified":"2020-09-28T15:28:14","modified_gmt":"2020-09-28T15:28:14","slug":"neden-zeyna-group","status":"publish","type":"page","link":"https:\/\/zeynaunlumamuller.com\/tr\/neden-zeyna-group\/","title":{"rendered":"Neden ZEYNA GROUP ?"},"content":{"rendered":"\t\t<div data-elementor-type=\"wp-page\" data-elementor-id=\"5668\" class=\"elementor elementor-5668\">\n\t\t\t\t\t\t<section class=\"elementor-section elementor-top-section elementor-element elementor-element-2890beab elementor-section-full_width elementor-section-height-default elementor-section-height-default\" data-id=\"2890beab\" data-element_type=\"section\" data-e-type=\"section\">\n\t\t\t\t\t\t<div class=\"elementor-container elementor-column-gap-default\">\n\t\t\t\t\t<div class=\"elementor-column elementor-col-100 elementor-top-column elementor-element elementor-element-1171e85c\" data-id=\"1171e85c\" data-element_type=\"column\" data-e-type=\"column\">\n\t\t\t<div class=\"elementor-widget-wrap elementor-element-populated\">\n\t\t\t\t\t\t<div class=\"elementor-element elementor-element-12f68805 elementor-widget elementor-widget-text-editor\" data-id=\"12f68805\" data-element_type=\"widget\" data-e-type=\"widget\" data-widget_type=\"text-editor.default\">\n\t\t\t\t<div class=\"elementor-widget-container\">\n\t\t\t\t\t\t\t\t\t<h4 class=\"m-t-0 m-b-20\">\u00d6ncelikle slogan\u0131m\u0131z &#8220;Sa\u011fl\u0131kl\u0131 ya\u015fam&#8230; Sa\u011fl\u0131kl\u0131 g\u0131da&#8221; oldu\u011fu i\u00e7in bundan yola \u00e7\u0131karak \u00fcr\u00fcnlerimizin bu slogan\u0131 yans\u0131tmas\u0131 i\u00e7in burday\u0131z.<br \/>Birinci s\u0131n\u0131f ve kaliteli un elde etmek i\u00e7in en iyi de\u011firmenler dikkatle se\u00e7ilmektedir. <br \/>Hi\u00e7bir ko\u015fulda \u00fcr\u00fcnlerimizin hi\u00e7biri yeniden sat\u0131\u015fa \u00e7\u0131kartmak i\u00e7in geri d\u00f6n\u00fc\u015ft\u00fcr\u00fclmez.<br \/>Sa\u011fl\u0131\u011f\u0131n\u0131z i\u00e7in t\u00fcm \u00fcr\u00fcnlerimizde kullan\u0131lan su, laboratuvarlar\u0131m\u0131zdaki su ar\u0131tma tesisi ile ar\u0131t\u0131lmaktad\u0131r.<br \/>Taze ve g\u00fcnl\u00fck \u00fcr\u00fcnlerin 1.200 sat\u0131\u015f noktas\u0131na ula\u015fmas\u0131 i\u00e7in Zeyna Group <br \/>7 g\u00fcn 24 saat ve 32 da\u011f\u0131t\u0131m arac\u0131 ile da\u011f\u0131t\u0131m yapmaktad\u0131r. <br \/>Zeyna Group, ISO180001-22000-9001 (2015) -10002 HALAL uluslararas\u0131 kalite belgelerine sahiptir. <br \/>\u00d6zellikle Pita ekme\u011fi ve genel olarak di\u011fer \u00fcr\u00fcnler i\u00e7in tam otomatik \u00fcretim ve paketleme hatlar\u0131na sahip olma konusunda Zeyna Group benzersizdir. <br \/>Teknik ve idari kadromuz ve pazarlama ekibimiz iyi e\u011fitimli ve deneyimlidir. <br \/>M\u00fc\u015fterilerimizi s\u00fcrekli mutlu ve memnun etmeyi hedeflemekteyiz.<br \/>Alanlar ve makineler, uzman bir ekip taraf\u0131ndan g\u00fcnl\u00fck dezenfekte edilmektedir.<br \/>\u00dcr\u00fcnlerimiz her zaman uygun fiyatlarla, herkese ula\u015ft\u0131r\u0131lmaya \u00e7al\u0131\u015f\u0131lmaktad\u0131r.<br \/>M\u00fc\u015fterilerimizin damak tad\u0131na uygun, lezzetli ve harika bir tat sunmak i\u00e7in en iyi hammaddeler se\u00e7ilmektedir.<br \/>\u00c7al\u0131\u015fanlar\u0131m\u0131z\u0131n, m\u00fc\u015fterilerimizi memnun etmesi i\u00e7in teknik, davran\u0131\u015f, m\u00fc\u015fterilerle etkile\u015fim veya idari beceriler gibi becerilerini edinmelerini art\u0131rmak i\u00e7in kurslar d\u00fczenlenmektedir.<\/h4>\t\t\t\t\t\t\t\t<\/div>\n\t\t\t\t<\/div>\n\t\t\t\t<div class=\"elementor-element elementor-element-713d0016 elementor-widget elementor-widget-image\" data-id=\"713d0016\" data-element_type=\"widget\" data-e-type=\"widget\" data-widget_type=\"image.default\">\n\t\t\t\t<div class=\"elementor-widget-container\">\n\t\t\t\t\t\t\t\t\t\t\t\t\t\t\t<img fetchpriority=\"high\" decoding=\"async\" width=\"1024\" height=\"512\" src=\"https:\/\/zeynaunlumamuller.com\/wp-content\/uploads\/2020\/02\/21-1024x512.jpg\" class=\"attachment-large size-large wp-image-3394\" alt=\"\" srcset=\"https:\/\/zeynaunlumamuller.com\/wp-content\/uploads\/2020\/02\/21-1024x512.jpg 1024w, https:\/\/zeynaunlumamuller.com\/wp-content\/uploads\/2020\/02\/21-300x150.jpg 300w, https:\/\/zeynaunlumamuller.com\/wp-content\/uploads\/2020\/02\/21-768x384.jpg 768w, https:\/\/zeynaunlumamuller.com\/wp-content\/uploads\/2020\/02\/21-800x400.jpg 800w, https:\/\/zeynaunlumamuller.com\/wp-content\/uploads\/2020\/02\/21.jpg 1200w\" sizes=\"(max-width: 1024px) 100vw, 1024px\" \/>\t\t\t\t\t\t\t\t\t\t\t\t\t\t\t<\/div>\n\t\t\t\t<\/div>\n\t\t\t\t\t<\/div>\n\t\t<\/div>\n\t\t\t\t\t<\/div>\n\t\t<\/section>\n\t\t\t\t<section class=\"elementor-section elementor-top-section elementor-element elementor-element-67efe9b elementor-section-boxed elementor-section-height-default elementor-section-height-default elementor-invisible\" data-id=\"67efe9b\" data-element_type=\"section\" data-e-type=\"section\" data-settings=\"{&quot;animation&quot;:&quot;zoomIn&quot;}\">\n\t\t\t\t\t\t<div class=\"elementor-container elementor-column-gap-default\">\n\t\t\t\t\t<div class=\"elementor-column elementor-col-33 elementor-top-column elementor-element elementor-element-a118b65\" data-id=\"a118b65\" data-element_type=\"column\" data-e-type=\"column\">\n\t\t\t<div class=\"elementor-widget-wrap elementor-element-populated\">\n\t\t\t\t\t\t<div class=\"elementor-element elementor-element-8720508 animated-slow elementor-invisible elementor-widget elementor-widget-image\" data-id=\"8720508\" data-element_type=\"widget\" data-e-type=\"widget\" data-settings=\"{&quot;_animation&quot;:&quot;zoomIn&quot;}\" data-widget_type=\"image.default\">\n\t\t\t\t<div class=\"elementor-widget-container\">\n\t\t\t\t\t\t\t\t\t\t\t\t\t\t\t<img decoding=\"async\" width=\"725\" height=\"1024\" src=\"https:\/\/zeynaunlumamuller.com\/wp-content\/uploads\/2020\/02\/iso4.jpg\" class=\"attachment-large size-large wp-image-3473\" alt=\"\" \/>\t\t\t\t\t\t\t\t\t\t\t\t\t\t\t<\/div>\n\t\t\t\t<\/div>\n\t\t\t\t<div class=\"elementor-element elementor-element-a404ed0 elementor-widget elementor-widget-heading\" data-id=\"a404ed0\" data-element_type=\"widget\" data-e-type=\"widget\" data-widget_type=\"heading.default\">\n\t\t\t\t<div class=\"elementor-widget-container\">\n\t\t\t\t\t<h2 class=\"elementor-heading-title elementor-size-default\">HELAL BELGES\u0130  \n\n<\/h2>\t\t\t\t<\/div>\n\t\t\t\t<\/div>\n\t\t\t\t<div class=\"elementor-element elementor-element-17440a6 animated-slow elementor-invisible elementor-widget elementor-widget-image\" data-id=\"17440a6\" data-element_type=\"widget\" data-e-type=\"widget\" data-settings=\"{&quot;_animation&quot;:&quot;zoomIn&quot;}\" data-widget_type=\"image.default\">\n\t\t\t\t<div class=\"elementor-widget-container\">\n\t\t\t\t\t\t\t\t\t\t\t\t\t\t\t<img decoding=\"async\" width=\"725\" height=\"1024\" src=\"https:\/\/zeynaunlumamuller.com\/wp-content\/uploads\/2020\/02\/iso1.jpg\" class=\"attachment-large size-large wp-image-3464\" alt=\"\" \/>\t\t\t\t\t\t\t\t\t\t\t\t\t\t\t<\/div>\n\t\t\t\t<\/div>\n\t\t\t\t<div class=\"elementor-element elementor-element-0e54337 elementor-widget elementor-widget-heading\" data-id=\"0e54337\" data-element_type=\"widget\" data-e-type=\"widget\" data-widget_type=\"heading.default\">\n\t\t\t\t<div class=\"elementor-widget-container\">\n\t\t\t\t\t<h2 class=\"elementor-heading-title elementor-size-default\">M\u00dc\u015eTER\u0130 MEMNUN\u0130YET\u0130 SERT\u0130F\u0130KASI<\/h2>\t\t\t\t<\/div>\n\t\t\t\t<\/div>\n\t\t\t\t\t<\/div>\n\t\t<\/div>\n\t\t\t\t<div class=\"elementor-column elementor-col-33 elementor-top-column elementor-element elementor-element-3d5cfe4\" data-id=\"3d5cfe4\" data-element_type=\"column\" data-e-type=\"column\">\n\t\t\t<div class=\"elementor-widget-wrap elementor-element-populated\">\n\t\t\t\t\t\t<div class=\"elementor-element elementor-element-8b8a637 animated-slow elementor-invisible elementor-widget elementor-widget-image\" data-id=\"8b8a637\" data-element_type=\"widget\" data-e-type=\"widget\" data-settings=\"{&quot;_animation&quot;:&quot;zoomIn&quot;}\" data-widget_type=\"image.default\">\n\t\t\t\t<div class=\"elementor-widget-container\">\n\t\t\t\t\t\t\t\t\t\t\t\t\t\t\t<img loading=\"lazy\" decoding=\"async\" width=\"725\" height=\"1024\" src=\"https:\/\/zeynaunlumamuller.com\/wp-content\/uploads\/2020\/02\/iso3.jpg\" class=\"attachment-large size-large wp-image-3470\" alt=\"\" \/>\t\t\t\t\t\t\t\t\t\t\t\t\t\t\t<\/div>\n\t\t\t\t<\/div>\n\t\t\t\t<div class=\"elementor-element elementor-element-b6d86a0 elementor-widget elementor-widget-heading\" data-id=\"b6d86a0\" data-element_type=\"widget\" data-e-type=\"widget\" data-widget_type=\"heading.default\">\n\t\t\t\t<div class=\"elementor-widget-container\">\n\t\t\t\t\t<h2 class=\"elementor-heading-title elementor-size-default\">GIDA G\u00dcVENL\u0130\u011e\u0130 Y\u00d6NET\u0130M S\u0130STEM\u0130<\/h2>\t\t\t\t<\/div>\n\t\t\t\t<\/div>\n\t\t\t\t<div class=\"elementor-element elementor-element-0f7fbc6 animated-slow elementor-invisible elementor-widget elementor-widget-image\" data-id=\"0f7fbc6\" data-element_type=\"widget\" data-e-type=\"widget\" data-settings=\"{&quot;_animation&quot;:&quot;zoomIn&quot;}\" data-widget_type=\"image.default\">\n\t\t\t\t<div class=\"elementor-widget-container\">\n\t\t\t\t\t\t\t\t\t\t\t\t\t\t\t<img loading=\"lazy\" decoding=\"async\" width=\"725\" height=\"1024\" src=\"https:\/\/zeynaunlumamuller.com\/wp-content\/uploads\/2020\/02\/iso-725x1024.jpg\" class=\"attachment-large size-large wp-image-3461\" alt=\"\" srcset=\"https:\/\/zeynaunlumamuller.com\/wp-content\/uploads\/2020\/02\/iso-725x1024.jpg 725w, https:\/\/zeynaunlumamuller.com\/wp-content\/uploads\/2020\/02\/iso-212x300.jpg 212w, https:\/\/zeynaunlumamuller.com\/wp-content\/uploads\/2020\/02\/iso-768x1085.jpg 768w, https:\/\/zeynaunlumamuller.com\/wp-content\/uploads\/2020\/02\/iso-1087x1536.jpg 1087w, https:\/\/zeynaunlumamuller.com\/wp-content\/uploads\/2020\/02\/iso.jpg 1200w\" sizes=\"(max-width: 725px) 100vw, 725px\" \/>\t\t\t\t\t\t\t\t\t\t\t\t\t\t\t<\/div>\n\t\t\t\t<\/div>\n\t\t\t\t<div class=\"elementor-element elementor-element-5ea457c elementor-widget elementor-widget-heading\" data-id=\"5ea457c\" data-element_type=\"widget\" data-e-type=\"widget\" data-widget_type=\"heading.default\">\n\t\t\t\t<div class=\"elementor-widget-container\">\n\t\t\t\t\t<h2 class=\"elementor-heading-title elementor-size-default\">KAL\u0130TE Y\u00d6NET\u0130M S\u0130STEM\u0130<\/h2>\t\t\t\t<\/div>\n\t\t\t\t<\/div>\n\t\t\t\t\t<\/div>\n\t\t<\/div>\n\t\t\t\t<div class=\"elementor-column elementor-col-33 elementor-top-column elementor-element elementor-element-f2696b4\" data-id=\"f2696b4\" data-element_type=\"column\" data-e-type=\"column\">\n\t\t\t<div class=\"elementor-widget-wrap elementor-element-populated\">\n\t\t\t\t\t\t<div class=\"elementor-element elementor-element-ae33c60 animated-slow elementor-invisible elementor-widget elementor-widget-image\" data-id=\"ae33c60\" data-element_type=\"widget\" data-e-type=\"widget\" data-settings=\"{&quot;_animation&quot;:&quot;zoomIn&quot;}\" data-widget_type=\"image.default\">\n\t\t\t\t<div class=\"elementor-widget-container\">\n\t\t\t\t\t\t\t\t\t\t\t\t\t\t\t<img loading=\"lazy\" decoding=\"async\" width=\"725\" height=\"1024\" src=\"https:\/\/zeynaunlumamuller.com\/wp-content\/uploads\/2020\/02\/iso2-725x1024.jpg\" class=\"attachment-large size-large wp-image-3467\" alt=\"\" srcset=\"https:\/\/zeynaunlumamuller.com\/wp-content\/uploads\/2020\/02\/iso2-725x1024.jpg 725w, https:\/\/zeynaunlumamuller.com\/wp-content\/uploads\/2020\/02\/iso2-212x300.jpg 212w, https:\/\/zeynaunlumamuller.com\/wp-content\/uploads\/2020\/02\/iso2-768x1085.jpg 768w, https:\/\/zeynaunlumamuller.com\/wp-content\/uploads\/2020\/02\/iso2-1087x1536.jpg 1087w, https:\/\/zeynaunlumamuller.com\/wp-content\/uploads\/2020\/02\/iso2.jpg 1200w\" sizes=\"(max-width: 725px) 100vw, 725px\" \/>\t\t\t\t\t\t\t\t\t\t\t\t\t\t\t<\/div>\n\t\t\t\t<\/div>\n\t\t\t\t<div class=\"elementor-element elementor-element-74646e5 elementor-widget elementor-widget-heading\" data-id=\"74646e5\" data-element_type=\"widget\" data-e-type=\"widget\" data-widget_type=\"heading.default\">\n\t\t\t\t<div class=\"elementor-widget-container\">\n\t\t\t\t\t<h2 class=\"elementor-heading-title elementor-size-default\">\u0130\u015e SA\u011eLI\u011eI VE G\u00dcVENL\u0130\u011e\u0130 Y\u00d6NET\u0130M S\u0130STEM\u0130<\/h2>\t\t\t\t<\/div>\n\t\t\t\t<\/div>\n\t\t\t\t\t<\/div>\n\t\t<\/div>\n\t\t\t\t\t<\/div>\n\t\t<\/section>\n\t\t\t\t<\/div>\n\t\t","protected":false},"excerpt":{"rendered":"<p>\u00d6ncelikle slogan\u0131m\u0131z &#8220;Sa\u011fl\u0131kl\u0131 ya\u015fam&#8230; Sa\u011fl\u0131kl\u0131 g\u0131da&#8221; oldu\u011fu i\u00e7in bundan yola \u00e7\u0131karak \u00fcr\u00fcnlerimizin bu slogan\u0131 yans\u0131tmas\u0131 i\u00e7in burday\u0131z.Birinci s\u0131n\u0131f ve kaliteli un elde etmek i\u00e7in en iyi de\u011firmenler dikkatle se\u00e7ilmektedir. Hi\u00e7bir ko\u015fulda \u00fcr\u00fcnlerimizin hi\u00e7biri yeniden sat\u0131\u015fa \u00e7\u0131kartmak i\u00e7in geri d\u00f6n\u00fc\u015ft\u00fcr\u00fclmez.Sa\u011fl\u0131\u011f\u0131n\u0131z i\u00e7in t\u00fcm \u00fcr\u00fcnlerimizde kullan\u0131lan su, laboratuvarlar\u0131m\u0131zdaki su ar\u0131tma tesisi ile ar\u0131t\u0131lmaktad\u0131r.Taze ve g\u00fcnl\u00fck \u00fcr\u00fcnlerin 1.200 sat\u0131\u015f [&hellip;]<\/p>\n","protected":false},"author":2,"featured_media":0,"parent":0,"menu_order":0,"comment_status":"closed","ping_status":"closed","template":"","meta":{"footnotes":""},"class_list":["post-5668","page","type-page","status-publish","hentry"],"_links":{"self":[{"href":"https:\/\/zeynaunlumamuller.com\/tr\/wp-json\/wp\/v2\/pages\/5668","targetHints":{"allow":["GET"]}}],"collection":[{"href":"https:\/\/zeynaunlumamuller.com\/tr\/wp-json\/wp\/v2\/pages"}],"about":[{"href":"https:\/\/zeynaunlumamuller.com\/tr\/wp-json\/wp\/v2\/types\/page"}],"author":[{"embeddable":true,"href":"https:\/\/zeynaunlumamuller.com\/tr\/wp-json\/wp\/v2\/users\/2"}],"replies":[{"embeddable":true,"href":"https:\/\/zeynaunlumamuller.com\/tr\/wp-json\/wp\/v2\/comments?post=5668"}],"version-history":[{"count":0,"href":"https:\/\/zeynaunlumamuller.com\/tr\/wp-json\/wp\/v2\/pages\/5668\/revisions"}],"wp:attachment":[{"href":"https:\/\/zeynaunlumamuller.com\/tr\/wp-json\/wp\/v2\/media?parent=5668"}],"curies":[{"name":"wp","href":"https:\/\/api.w.org\/{rel}","templated":true}]}}